{"id":1465,"date":"2025-06-29T14:01:34","date_gmt":"2025-06-29T14:01:34","guid":{"rendered":"https:\/\/hlautec.com\/?post_type=product&#038;p=1465"},"modified":"2025-07-02T13:21:00","modified_gmt":"2025-07-02T13:21:00","slug":"phoniex-ptda-25-2-ph-50-1725497","status":"publish","type":"product","link":"https:\/\/hlautec.com\/pt\/produto\/phoniex-ptda-25-2-ph-50-1725497\/","title":{"rendered":"Phoniex PTDA 2,5\/ 2-PH-5,0 1725497"},"content":{"rendered":"<p>Conector de encaixe, corrente nominal de trabalho: 14A, tens\u00e3o nominal (I\/2): 400V, n\u00famero de d\u00edgitos: 2, espa\u00e7amento entre pinos: 5mm, m\u00e9todo de liga\u00e7\u00e3o: liga\u00e7\u00e3o por mola de inser\u00e7\u00e3o direta, cor: verde, superf\u00edcie de contacto: estanho<\/p>","protected":false},"excerpt":{"rendered":"<p>Conector de encaixe, corrente nominal de trabalho: 14A, tens\u00e3o nominal (I\/2): 400V, n\u00famero de d\u00edgitos: 2, espa\u00e7amento entre pinos: 5mm, m\u00e9todo de liga\u00e7\u00e3o: liga\u00e7\u00e3o por mola de inser\u00e7\u00e3o direta, cor: verde, superf\u00edcie de contacto: estanho<\/p>","protected":false},"featured_media":1466,"comment_status":"open","ping_status":"closed","template":"","meta":{"_acf_changed":false},"brand_category":[112,122],"product_brand":[29,47],"product_cat":[23],"product_tag":[],"class_list":{"0":"post-1465","1":"product","2":"type-product","3":"status-publish","4":"has-post-thumbnail","6":"brand_category-electrical-brand","7":"brand_category-phoenix","8":"product_brand-electrical-brand","9":"product_brand-phoenix","10":"product_cat-electrical-components","12":"first","13":"instock","14":"shipping-taxable","15":"product-type-simple"},"acf":[],"yoast_head":"<!-- This site is optimized with the Yoast SEO plugin v27.4 - https:\/\/yoast.com\/product\/yoast-seo-wordpress\/ -->\n<title>Phoniex PTDA 2,5\/ 2-PH-5,0 1725497 - hlautec.com<\/title>\n<meta name=\"robots\" content=\"index, follow, max-snippet:-1, max-image-preview:large, max-video-preview:-1\" \/>\n<link rel=\"canonical\" href=\"https:\/\/hlautec.com\/pt\/produto\/phoniex-ptda-25-2-ph-50-1725497\/\" \/>\n<meta property=\"og:locale\" content=\"pt_PT\" \/>\n<meta property=\"og:type\" content=\"article\" \/>\n<meta property=\"og:title\" content=\"Phoniex PTDA 2,5\/ 2-PH-5,0 1725497 - hlautec.com\" \/>\n<meta property=\"og:description\" content=\"Plug in connector, nominal working current: 14A, rated voltage (I\/2): 400V, number of digits: 2, pin spacing: 5mm, wiring method: direct insertion spring connection, color: green, contact surface: tin\" \/>\n<meta property=\"og:url\" content=\"https:\/\/hlautec.com\/pt\/produto\/phoniex-ptda-25-2-ph-50-1725497\/\" \/>\n<meta property=\"og:site_name\" content=\"hlautec.com\" \/>\n<meta property=\"article:modified_time\" content=\"2025-07-02T13:21:00+00:00\" \/>\n<meta property=\"og:image\" content=\"https:\/\/hlautec.com\/wp-content\/uploads\/2025\/06\/1-36.jpg\" \/>\n\t<meta property=\"og:image:width\" content=\"658\" \/>\n\t<meta property=\"og:image:height\" content=\"658\" \/>\n\t<meta property=\"og:image:type\" content=\"image\/jpeg\" \/>\n<meta name=\"twitter:card\" content=\"summary_large_image\" \/>\n<meta name=\"twitter:label1\" content=\"Tempo estimado de leitura\" \/>\n\t<meta name=\"twitter:data1\" content=\"1 minuto\" \/>\n<script type=\"application\/ld+json\" class=\"yoast-schema-graph\">{\"@context\":\"https:\\\/\\\/schema.org\",\"@graph\":[{\"@type\":\"WebPage\",\"@id\":\"https:\\\/\\\/hlautec.com\\\/product\\\/phoniex-ptda-25-2-ph-50-1725497\\\/\",\"url\":\"https:\\\/\\\/hlautec.com\\\/product\\\/phoniex-ptda-25-2-ph-50-1725497\\\/\",\"name\":\"Phoniex PTDA 2,5\\\/ 2-PH-5,0 1725497 - hlautec.com\",\"isPartOf\":{\"@id\":\"https:\\\/\\\/hlautec.com\\\/#website\"},\"primaryImageOfPage\":{\"@id\":\"https:\\\/\\\/hlautec.com\\\/product\\\/phoniex-ptda-25-2-ph-50-1725497\\\/#primaryimage\"},\"image\":{\"@id\":\"https:\\\/\\\/hlautec.com\\\/product\\\/phoniex-ptda-25-2-ph-50-1725497\\\/#primaryimage\"},\"thumbnailUrl\":\"https:\\\/\\\/hlautec.com\\\/wp-content\\\/uploads\\\/2025\\\/06\\\/1-36.jpg\",\"datePublished\":\"2025-06-29T14:01:34+00:00\",\"dateModified\":\"2025-07-02T13:21:00+00:00\",\"breadcrumb\":{\"@id\":\"https:\\\/\\\/hlautec.com\\\/product\\\/phoniex-ptda-25-2-ph-50-1725497\\\/#breadcrumb\"},\"inLanguage\":\"pt-PT\",\"potentialAction\":[{\"@type\":\"ReadAction\",\"target\":[\"https:\\\/\\\/hlautec.com\\\/product\\\/phoniex-ptda-25-2-ph-50-1725497\\\/\"]}]},{\"@type\":\"ImageObject\",\"inLanguage\":\"pt-PT\",\"@id\":\"https:\\\/\\\/hlautec.com\\\/product\\\/phoniex-ptda-25-2-ph-50-1725497\\\/#primaryimage\",\"url\":\"https:\\\/\\\/hlautec.com\\\/wp-content\\\/uploads\\\/2025\\\/06\\\/1-36.jpg\",\"contentUrl\":\"https:\\\/\\\/hlautec.com\\\/wp-content\\\/uploads\\\/2025\\\/06\\\/1-36.jpg\",\"width\":658,\"height\":658},{\"@type\":\"BreadcrumbList\",\"@id\":\"https:\\\/\\\/hlautec.com\\\/product\\\/phoniex-ptda-25-2-ph-50-1725497\\\/#breadcrumb\",\"itemListElement\":[{\"@type\":\"ListItem\",\"position\":1,\"name\":\"Home\",\"item\":\"https:\\\/\\\/hlautec.com\\\/\"},{\"@type\":\"ListItem\",\"position\":2,\"name\":\"Shop\",\"item\":\"https:\\\/\\\/hlautec.com\\\/shop\\\/\"},{\"@type\":\"ListItem\",\"position\":3,\"name\":\"Phoniex PTDA 2,5\\\/ 2-PH-5,0 1725497\"}]},{\"@type\":\"WebSite\",\"@id\":\"https:\\\/\\\/hlautec.com\\\/#website\",\"url\":\"https:\\\/\\\/hlautec.com\\\/\",\"name\":\"hlautec.com\",\"description\":\"\",\"publisher\":{\"@id\":\"https:\\\/\\\/hlautec.com\\\/#organization\"},\"potentialAction\":[{\"@type\":\"SearchAction\",\"target\":{\"@type\":\"EntryPoint\",\"urlTemplate\":\"https:\\\/\\\/hlautec.com\\\/?s={search_term_string}\"},\"query-input\":{\"@type\":\"PropertyValueSpecification\",\"valueRequired\":true,\"valueName\":\"search_term_string\"}}],\"inLanguage\":\"pt-PT\"},{\"@type\":\"Organization\",\"@id\":\"https:\\\/\\\/hlautec.com\\\/#organization\",\"name\":\"hlautec.com\",\"url\":\"https:\\\/\\\/hlautec.com\\\/\",\"logo\":{\"@type\":\"ImageObject\",\"inLanguage\":\"pt-PT\",\"@id\":\"https:\\\/\\\/hlautec.com\\\/#\\\/schema\\\/logo\\\/image\\\/\",\"url\":\"https:\\\/\\\/hlautec.com\\\/wp-content\\\/uploads\\\/2025\\\/06\\\/\u5fae\u4fe1\u56fe\u7247_20250604093745-scaled.jpg\",\"contentUrl\":\"https:\\\/\\\/hlautec.com\\\/wp-content\\\/uploads\\\/2025\\\/06\\\/\u5fae\u4fe1\u56fe\u7247_20250604093745-scaled.jpg\",\"width\":2560,\"height\":1764,\"caption\":\"hlautec.com\"},\"image\":{\"@id\":\"https:\\\/\\\/hlautec.com\\\/#\\\/schema\\\/logo\\\/image\\\/\"}}]}<\/script>\n<!-- \/ Yoast SEO plugin. -->","yoast_head_json":{"title":"Phoniex PTDA 2,5\/ 2-PH-5,0 1725497 - hlautec.com","robots":{"index":"index","follow":"follow","max-snippet":"max-snippet:-1","max-image-preview":"max-image-preview:large","max-video-preview":"max-video-preview:-1"},"canonical":"https:\/\/hlautec.com\/pt\/produto\/phoniex-ptda-25-2-ph-50-1725497\/","og_locale":"pt_PT","og_type":"article","og_title":"Phoniex PTDA 2,5\/ 2-PH-5,0 1725497 - hlautec.com","og_description":"Plug in connector, nominal working current: 14A, rated voltage (I\/2): 400V, number of digits: 2, pin spacing: 5mm, wiring method: direct insertion spring connection, color: green, contact surface: tin","og_url":"https:\/\/hlautec.com\/pt\/produto\/phoniex-ptda-25-2-ph-50-1725497\/","og_site_name":"hlautec.com","article_modified_time":"2025-07-02T13:21:00+00:00","og_image":[{"width":658,"height":658,"url":"https:\/\/hlautec.com\/wp-content\/uploads\/2025\/06\/1-36.jpg","type":"image\/jpeg"}],"twitter_card":"summary_large_image","twitter_misc":{"Tempo estimado de leitura":"1 minuto"},"schema":{"@context":"https:\/\/schema.org","@graph":[{"@type":"WebPage","@id":"https:\/\/hlautec.com\/product\/phoniex-ptda-25-2-ph-50-1725497\/","url":"https:\/\/hlautec.com\/product\/phoniex-ptda-25-2-ph-50-1725497\/","name":"Phoniex PTDA 2,5\/ 2-PH-5,0 1725497 - hlautec.com","isPartOf":{"@id":"https:\/\/hlautec.com\/#website"},"primaryImageOfPage":{"@id":"https:\/\/hlautec.com\/product\/phoniex-ptda-25-2-ph-50-1725497\/#primaryimage"},"image":{"@id":"https:\/\/hlautec.com\/product\/phoniex-ptda-25-2-ph-50-1725497\/#primaryimage"},"thumbnailUrl":"https:\/\/hlautec.com\/wp-content\/uploads\/2025\/06\/1-36.jpg","datePublished":"2025-06-29T14:01:34+00:00","dateModified":"2025-07-02T13:21:00+00:00","breadcrumb":{"@id":"https:\/\/hlautec.com\/product\/phoniex-ptda-25-2-ph-50-1725497\/#breadcrumb"},"inLanguage":"pt-PT","potentialAction":[{"@type":"ReadAction","target":["https:\/\/hlautec.com\/product\/phoniex-ptda-25-2-ph-50-1725497\/"]}]},{"@type":"ImageObject","inLanguage":"pt-PT","@id":"https:\/\/hlautec.com\/product\/phoniex-ptda-25-2-ph-50-1725497\/#primaryimage","url":"https:\/\/hlautec.com\/wp-content\/uploads\/2025\/06\/1-36.jpg","contentUrl":"https:\/\/hlautec.com\/wp-content\/uploads\/2025\/06\/1-36.jpg","width":658,"height":658},{"@type":"BreadcrumbList","@id":"https:\/\/hlautec.com\/product\/phoniex-ptda-25-2-ph-50-1725497\/#breadcrumb","itemListElement":[{"@type":"ListItem","position":1,"name":"Home","item":"https:\/\/hlautec.com\/"},{"@type":"ListItem","position":2,"name":"Shop","item":"https:\/\/hlautec.com\/shop\/"},{"@type":"ListItem","position":3,"name":"Phoniex PTDA 2,5\/ 2-PH-5,0 1725497"}]},{"@type":"WebSite","@id":"https:\/\/hlautec.com\/#website","url":"https:\/\/hlautec.com\/","name":"hlautec.com","description":"","publisher":{"@id":"https:\/\/hlautec.com\/#organization"},"potentialAction":[{"@type":"SearchAction","target":{"@type":"EntryPoint","urlTemplate":"https:\/\/hlautec.com\/?s={search_term_string}"},"query-input":{"@type":"PropertyValueSpecification","valueRequired":true,"valueName":"search_term_string"}}],"inLanguage":"pt-PT"},{"@type":"Organization","@id":"https:\/\/hlautec.com\/#organization","name":"hlautec.com","url":"https:\/\/hlautec.com\/","logo":{"@type":"ImageObject","inLanguage":"pt-PT","@id":"https:\/\/hlautec.com\/#\/schema\/logo\/image\/","url":"https:\/\/hlautec.com\/wp-content\/uploads\/2025\/06\/\u5fae\u4fe1\u56fe\u7247_20250604093745-scaled.jpg","contentUrl":"https:\/\/hlautec.com\/wp-content\/uploads\/2025\/06\/\u5fae\u4fe1\u56fe\u7247_20250604093745-scaled.jpg","width":2560,"height":1764,"caption":"hlautec.com"},"image":{"@id":"https:\/\/hlautec.com\/#\/schema\/logo\/image\/"}}]}},"jetpack_sharing_enabled":true,"_links":{"self":[{"href":"https:\/\/hlautec.com\/pt\/wp-json\/wp\/v2\/product\/1465","targetHints":{"allow":["GET"]}}],"collection":[{"href":"https:\/\/hlautec.com\/pt\/wp-json\/wp\/v2\/product"}],"about":[{"href":"https:\/\/hlautec.com\/pt\/wp-json\/wp\/v2\/types\/product"}],"replies":[{"embeddable":true,"href":"https:\/\/hlautec.com\/pt\/wp-json\/wp\/v2\/comments?post=1465"}],"wp:featuredmedia":[{"embeddable":true,"href":"https:\/\/hlautec.com\/pt\/wp-json\/wp\/v2\/media\/1466"}],"wp:attachment":[{"href":"https:\/\/hlautec.com\/pt\/wp-json\/wp\/v2\/media?parent=1465"}],"wp:term":[{"taxonomy":"brand_category","embeddable":true,"href":"https:\/\/hlautec.com\/pt\/wp-json\/wp\/v2\/brand_category?post=1465"},{"taxonomy":"product_brand","embeddable":true,"href":"https:\/\/hlautec.com\/pt\/wp-json\/wp\/v2\/product_brand?post=1465"},{"taxonomy":"product_cat","embeddable":true,"href":"https:\/\/hlautec.com\/pt\/wp-json\/wp\/v2\/product_cat?post=1465"},{"taxonomy":"product_tag","embeddable":true,"href":"https:\/\/hlautec.com\/pt\/wp-json\/wp\/v2\/product_tag?post=1465"}],"curies":[{"name":"wp","href":"https:\/\/api.w.org\/{rel}","templated":true}]}}