{"id":1442,"date":"2025-06-29T12:47:31","date_gmt":"2025-06-29T12:47:31","guid":{"rendered":"https:\/\/hlautec.com\/?post_type=product&#038;p=1442"},"modified":"2025-07-02T13:31:47","modified_gmt":"2025-07-02T13:31:47","slug":"abb-s203-d32-10113756","status":"publish","type":"product","link":"https:\/\/hlautec.com\/pt\/produto\/abb-s203-d32-10113756\/","title":{"rendered":"ABB S203-D32 10113756"},"content":{"rendered":"<p>S\u00e9rie: S200 Corrente nominal: 32A N\u00famero de p\u00f3los: 3P Carater\u00edsticas de disparo: D Capacidade nominal de interrup\u00e7\u00e3o: 6kA<\/p>","protected":false},"excerpt":{"rendered":"<p>S\u00e9rie: S200 Corrente nominal: 32A N\u00famero de p\u00f3los: 3P Carater\u00edsticas de disparo: D Capacidade nominal de interrup\u00e7\u00e3o: 6kA<\/p>","protected":false},"featured_media":1443,"comment_status":"open","ping_status":"closed","template":"","meta":{"_acf_changed":false},"brand_category":[113,112],"product_brand":[31,29],"product_cat":[23],"product_tag":[],"class_list":{"0":"post-1442","1":"product","2":"type-product","3":"status-publish","4":"has-post-thumbnail","6":"brand_category-abb","7":"brand_category-electrical-brand","8":"product_brand-abb","9":"product_brand-electrical-brand","10":"product_cat-electrical-components","12":"first","13":"instock","14":"shipping-taxable","15":"product-type-simple"},"acf":[],"yoast_head":"<!-- This site is optimized with the Yoast SEO plugin v27.4 - https:\/\/yoast.com\/product\/yoast-seo-wordpress\/ -->\n<title>ABB S203-D32 10113756 - hlautec.com<\/title>\n<meta name=\"robots\" content=\"index, follow, max-snippet:-1, max-image-preview:large, max-video-preview:-1\" \/>\n<link rel=\"canonical\" href=\"https:\/\/hlautec.com\/pt\/produto\/abb-s203-d32-10113756\/\" \/>\n<meta property=\"og:locale\" content=\"pt_PT\" \/>\n<meta property=\"og:type\" content=\"article\" \/>\n<meta property=\"og:title\" content=\"ABB S203-D32 10113756 - hlautec.com\" \/>\n<meta property=\"og:description\" content=\"Series: S200 Rated current: 32A Number of poles: 3P Tripping characteristics: D Rated breaking capacity: 6kA\" \/>\n<meta property=\"og:url\" content=\"https:\/\/hlautec.com\/pt\/produto\/abb-s203-d32-10113756\/\" \/>\n<meta property=\"og:site_name\" content=\"hlautec.com\" \/>\n<meta property=\"article:modified_time\" content=\"2025-07-02T13:31:47+00:00\" \/>\n<meta property=\"og:image\" content=\"https:\/\/hlautec.com\/wp-content\/uploads\/2025\/06\/S203-D32-10113756.png\" \/>\n\t<meta property=\"og:image:width\" content=\"900\" \/>\n\t<meta property=\"og:image:height\" content=\"900\" \/>\n\t<meta property=\"og:image:type\" content=\"image\/png\" \/>\n<meta name=\"twitter:card\" content=\"summary_large_image\" \/>\n<meta name=\"twitter:label1\" content=\"Tempo estimado de leitura\" \/>\n\t<meta name=\"twitter:data1\" content=\"1 minuto\" \/>\n<script type=\"application\/ld+json\" class=\"yoast-schema-graph\">{\"@context\":\"https:\\\/\\\/schema.org\",\"@graph\":[{\"@type\":\"WebPage\",\"@id\":\"https:\\\/\\\/hlautec.com\\\/product\\\/abb-s203-d32-10113756\\\/\",\"url\":\"https:\\\/\\\/hlautec.com\\\/product\\\/abb-s203-d32-10113756\\\/\",\"name\":\"ABB S203-D32 10113756 - hlautec.com\",\"isPartOf\":{\"@id\":\"https:\\\/\\\/hlautec.com\\\/#website\"},\"primaryImageOfPage\":{\"@id\":\"https:\\\/\\\/hlautec.com\\\/product\\\/abb-s203-d32-10113756\\\/#primaryimage\"},\"image\":{\"@id\":\"https:\\\/\\\/hlautec.com\\\/product\\\/abb-s203-d32-10113756\\\/#primaryimage\"},\"thumbnailUrl\":\"https:\\\/\\\/hlautec.com\\\/wp-content\\\/uploads\\\/2025\\\/06\\\/S203-D32-10113756.png\",\"datePublished\":\"2025-06-29T12:47:31+00:00\",\"dateModified\":\"2025-07-02T13:31:47+00:00\",\"breadcrumb\":{\"@id\":\"https:\\\/\\\/hlautec.com\\\/product\\\/abb-s203-d32-10113756\\\/#breadcrumb\"},\"inLanguage\":\"pt-PT\",\"potentialAction\":[{\"@type\":\"ReadAction\",\"target\":[\"https:\\\/\\\/hlautec.com\\\/product\\\/abb-s203-d32-10113756\\\/\"]}]},{\"@type\":\"ImageObject\",\"inLanguage\":\"pt-PT\",\"@id\":\"https:\\\/\\\/hlautec.com\\\/product\\\/abb-s203-d32-10113756\\\/#primaryimage\",\"url\":\"https:\\\/\\\/hlautec.com\\\/wp-content\\\/uploads\\\/2025\\\/06\\\/S203-D32-10113756.png\",\"contentUrl\":\"https:\\\/\\\/hlautec.com\\\/wp-content\\\/uploads\\\/2025\\\/06\\\/S203-D32-10113756.png\",\"width\":900,\"height\":900},{\"@type\":\"BreadcrumbList\",\"@id\":\"https:\\\/\\\/hlautec.com\\\/product\\\/abb-s203-d32-10113756\\\/#breadcrumb\",\"itemListElement\":[{\"@type\":\"ListItem\",\"position\":1,\"name\":\"Home\",\"item\":\"https:\\\/\\\/hlautec.com\\\/\"},{\"@type\":\"ListItem\",\"position\":2,\"name\":\"Shop\",\"item\":\"https:\\\/\\\/hlautec.com\\\/shop\\\/\"},{\"@type\":\"ListItem\",\"position\":3,\"name\":\"ABB S203-D32 10113756\"}]},{\"@type\":\"WebSite\",\"@id\":\"https:\\\/\\\/hlautec.com\\\/#website\",\"url\":\"https:\\\/\\\/hlautec.com\\\/\",\"name\":\"hlautec.com\",\"description\":\"\",\"publisher\":{\"@id\":\"https:\\\/\\\/hlautec.com\\\/#organization\"},\"potentialAction\":[{\"@type\":\"SearchAction\",\"target\":{\"@type\":\"EntryPoint\",\"urlTemplate\":\"https:\\\/\\\/hlautec.com\\\/?s={search_term_string}\"},\"query-input\":{\"@type\":\"PropertyValueSpecification\",\"valueRequired\":true,\"valueName\":\"search_term_string\"}}],\"inLanguage\":\"pt-PT\"},{\"@type\":\"Organization\",\"@id\":\"https:\\\/\\\/hlautec.com\\\/#organization\",\"name\":\"hlautec.com\",\"url\":\"https:\\\/\\\/hlautec.com\\\/\",\"logo\":{\"@type\":\"ImageObject\",\"inLanguage\":\"pt-PT\",\"@id\":\"https:\\\/\\\/hlautec.com\\\/#\\\/schema\\\/logo\\\/image\\\/\",\"url\":\"https:\\\/\\\/hlautec.com\\\/wp-content\\\/uploads\\\/2025\\\/06\\\/\u5fae\u4fe1\u56fe\u7247_20250604093745-scaled.jpg\",\"contentUrl\":\"https:\\\/\\\/hlautec.com\\\/wp-content\\\/uploads\\\/2025\\\/06\\\/\u5fae\u4fe1\u56fe\u7247_20250604093745-scaled.jpg\",\"width\":2560,\"height\":1764,\"caption\":\"hlautec.com\"},\"image\":{\"@id\":\"https:\\\/\\\/hlautec.com\\\/#\\\/schema\\\/logo\\\/image\\\/\"}}]}<\/script>\n<!-- \/ Yoast SEO plugin. -->","yoast_head_json":{"title":"ABB S203-D32 10113756 - hlautec.com","robots":{"index":"index","follow":"follow","max-snippet":"max-snippet:-1","max-image-preview":"max-image-preview:large","max-video-preview":"max-video-preview:-1"},"canonical":"https:\/\/hlautec.com\/pt\/produto\/abb-s203-d32-10113756\/","og_locale":"pt_PT","og_type":"article","og_title":"ABB S203-D32 10113756 - hlautec.com","og_description":"Series: S200 Rated current: 32A Number of poles: 3P Tripping characteristics: D Rated breaking capacity: 6kA","og_url":"https:\/\/hlautec.com\/pt\/produto\/abb-s203-d32-10113756\/","og_site_name":"hlautec.com","article_modified_time":"2025-07-02T13:31:47+00:00","og_image":[{"width":900,"height":900,"url":"https:\/\/hlautec.com\/wp-content\/uploads\/2025\/06\/S203-D32-10113756.png","type":"image\/png"}],"twitter_card":"summary_large_image","twitter_misc":{"Tempo estimado de leitura":"1 minuto"},"schema":{"@context":"https:\/\/schema.org","@graph":[{"@type":"WebPage","@id":"https:\/\/hlautec.com\/product\/abb-s203-d32-10113756\/","url":"https:\/\/hlautec.com\/product\/abb-s203-d32-10113756\/","name":"ABB S203-D32 10113756 - hlautec.com","isPartOf":{"@id":"https:\/\/hlautec.com\/#website"},"primaryImageOfPage":{"@id":"https:\/\/hlautec.com\/product\/abb-s203-d32-10113756\/#primaryimage"},"image":{"@id":"https:\/\/hlautec.com\/product\/abb-s203-d32-10113756\/#primaryimage"},"thumbnailUrl":"https:\/\/hlautec.com\/wp-content\/uploads\/2025\/06\/S203-D32-10113756.png","datePublished":"2025-06-29T12:47:31+00:00","dateModified":"2025-07-02T13:31:47+00:00","breadcrumb":{"@id":"https:\/\/hlautec.com\/product\/abb-s203-d32-10113756\/#breadcrumb"},"inLanguage":"pt-PT","potentialAction":[{"@type":"ReadAction","target":["https:\/\/hlautec.com\/product\/abb-s203-d32-10113756\/"]}]},{"@type":"ImageObject","inLanguage":"pt-PT","@id":"https:\/\/hlautec.com\/product\/abb-s203-d32-10113756\/#primaryimage","url":"https:\/\/hlautec.com\/wp-content\/uploads\/2025\/06\/S203-D32-10113756.png","contentUrl":"https:\/\/hlautec.com\/wp-content\/uploads\/2025\/06\/S203-D32-10113756.png","width":900,"height":900},{"@type":"BreadcrumbList","@id":"https:\/\/hlautec.com\/product\/abb-s203-d32-10113756\/#breadcrumb","itemListElement":[{"@type":"ListItem","position":1,"name":"Home","item":"https:\/\/hlautec.com\/"},{"@type":"ListItem","position":2,"name":"Shop","item":"https:\/\/hlautec.com\/shop\/"},{"@type":"ListItem","position":3,"name":"ABB S203-D32 10113756"}]},{"@type":"WebSite","@id":"https:\/\/hlautec.com\/#website","url":"https:\/\/hlautec.com\/","name":"hlautec.com","description":"","publisher":{"@id":"https:\/\/hlautec.com\/#organization"},"potentialAction":[{"@type":"SearchAction","target":{"@type":"EntryPoint","urlTemplate":"https:\/\/hlautec.com\/?s={search_term_string}"},"query-input":{"@type":"PropertyValueSpecification","valueRequired":true,"valueName":"search_term_string"}}],"inLanguage":"pt-PT"},{"@type":"Organization","@id":"https:\/\/hlautec.com\/#organization","name":"hlautec.com","url":"https:\/\/hlautec.com\/","logo":{"@type":"ImageObject","inLanguage":"pt-PT","@id":"https:\/\/hlautec.com\/#\/schema\/logo\/image\/","url":"https:\/\/hlautec.com\/wp-content\/uploads\/2025\/06\/\u5fae\u4fe1\u56fe\u7247_20250604093745-scaled.jpg","contentUrl":"https:\/\/hlautec.com\/wp-content\/uploads\/2025\/06\/\u5fae\u4fe1\u56fe\u7247_20250604093745-scaled.jpg","width":2560,"height":1764,"caption":"hlautec.com"},"image":{"@id":"https:\/\/hlautec.com\/#\/schema\/logo\/image\/"}}]}},"jetpack_sharing_enabled":true,"_links":{"self":[{"href":"https:\/\/hlautec.com\/pt\/wp-json\/wp\/v2\/product\/1442","targetHints":{"allow":["GET"]}}],"collection":[{"href":"https:\/\/hlautec.com\/pt\/wp-json\/wp\/v2\/product"}],"about":[{"href":"https:\/\/hlautec.com\/pt\/wp-json\/wp\/v2\/types\/product"}],"replies":[{"embeddable":true,"href":"https:\/\/hlautec.com\/pt\/wp-json\/wp\/v2\/comments?post=1442"}],"wp:featuredmedia":[{"embeddable":true,"href":"https:\/\/hlautec.com\/pt\/wp-json\/wp\/v2\/media\/1443"}],"wp:attachment":[{"href":"https:\/\/hlautec.com\/pt\/wp-json\/wp\/v2\/media?parent=1442"}],"wp:term":[{"taxonomy":"brand_category","embeddable":true,"href":"https:\/\/hlautec.com\/pt\/wp-json\/wp\/v2\/brand_category?post=1442"},{"taxonomy":"product_brand","embeddable":true,"href":"https:\/\/hlautec.com\/pt\/wp-json\/wp\/v2\/product_brand?post=1442"},{"taxonomy":"product_cat","embeddable":true,"href":"https:\/\/hlautec.com\/pt\/wp-json\/wp\/v2\/product_cat?post=1442"},{"taxonomy":"product_tag","embeddable":true,"href":"https:\/\/hlautec.com\/pt\/wp-json\/wp\/v2\/product_tag?post=1442"}],"curies":[{"name":"wp","href":"https:\/\/api.w.org\/{rel}","templated":true}]}}