{"id":1429,"date":"2025-06-29T10:51:31","date_gmt":"2025-06-29T10:51:31","guid":{"rendered":"https:\/\/hlautec.com\/?post_type=product&#038;p=1429"},"modified":"2025-07-03T02:35:37","modified_gmt":"2025-07-03T02:35:37","slug":"voith-ipv-5-50-171","status":"publish","type":"product","link":"https:\/\/hlautec.com\/pt\/produto\/voith-ipv-5-50-171\/","title":{"rendered":"Voith IPV 5\/-50\/171"},"content":{"rendered":"<p class=\"h6\">Ficha de dados<\/p>\n<dl class=\"data-sheet\">\n<dt class=\"name\">Massa<\/dt>\n<dd class=\"value\">18,0 kg<\/dd>\n<dt class=\"name\">Designa\u00e7\u00e3o<\/dt>\n<dd class=\"value\">IPV 5 \/ &#8211; 50\/171<\/dd>\n<dt class=\"name\">Extremidade do veio<\/dt>\n<dd class=\"value\">Cylindrical &#8211; 32 mm \/ pen 10 mm<\/dd>\n<dt class=\"name\">Centro de instala\u00e7\u00e3o<\/dt>\n<dd class=\"value\">127,0 mm<\/dd>\n<dt class=\"name\">Espa\u00e7amento dos parafusos de montagem<\/dt>\n<dd class=\"value\">181 mm<\/dd>\n<dt class=\"name\">Volume geom\u00e9trico da bomba<\/dt>\n<dd class=\"value\">50,3 cc\/rot<\/dd>\n<dt class=\"name\">Caudal da bomba a 1500 rpm<\/dt>\n<dd class=\"value\">75,45 l \/ min<\/dd>\n<dt class=\"name\">Velocidade m\u00e1xima<\/dt>\n<dd class=\"value\">2500,0 U\/min<\/dd>\n<dt class=\"name\">Press\u00e3o de funcionamento cont\u00ednuo<\/dt>\n<dd class=\"value\">280,0 bar<\/dd>\n<dt class=\"name\">Press\u00e3o de pico<\/dt>\n<dd class=\"value\">315,0 bar<\/dd>\n<dt class=\"name\">Reembolso<\/dt>\n<dd class=\"value\">EIPH6-050RK23-1X<\/dd>\n<dt class=\"name\">Suction port &#8211; connection<\/dt>\n<dd class=\"value\">SAE 70&#215;36 mm \/ AFS 106 G1 1\/2 &#8220;<\/dd>\n<dt class=\"name\">Pressure port &#8211; connection<\/dt>\n<dd class=\"value\">SAE 52.4&#215;26.2mm \/ AFS 102 G1&#8243;<\/dd>\n<dt class=\"name\">Dire\u00e7\u00e3o de rota\u00e7\u00e3o<\/dt>\n<dd class=\"value\">destro<\/dd>\n<dt class=\"name\">Nome abreviado<\/dt>\n<dd class=\"value\">IPV 5 \/ -50 \/ 171<\/dd>\n<\/dl>","protected":false},"excerpt":{"rendered":"<p>Data sheet Mass 18.0 kg Designation IPV 5 \/ &#8211; 50\/171 Shaft end Cylindrical &#8211; 32 mm \/ pen 10 mm Installation center 127.0 mm Mounting bolt spacing 181 mm Geometric volume of the pump 50.3 cc\/rev Pump flow at 1500 rpm 75.45 l \/ min Maximum speed 2500.0 U\/min Continuous working pressure 280.0 bar [&hellip;]<\/p>","protected":false},"featured_media":1430,"comment_status":"open","ping_status":"closed","template":"","meta":{"_acf_changed":false},"brand_category":[130,162],"product_brand":[70,81],"product_cat":[24],"product_tag":[],"class_list":{"0":"post-1429","1":"product","2":"type-product","3":"status-publish","4":"has-post-thumbnail","6":"brand_category-hydraulic-brand","7":"brand_category-voith","8":"product_brand-hydraulic-brand","9":"product_brand-voith","10":"product_cat-hydraulic-components","12":"first","13":"instock","14":"shipping-taxable","15":"product-type-simple"},"acf":[],"yoast_head":"<!-- This site is optimized with the Yoast SEO plugin v27.4 - https:\/\/yoast.com\/product\/yoast-seo-wordpress\/ -->\n<title>Voith IPV 5\/-50\/171 - hlautec.com<\/title>\n<meta name=\"robots\" content=\"index, follow, max-snippet:-1, max-image-preview:large, max-video-preview:-1\" \/>\n<link rel=\"canonical\" href=\"https:\/\/hlautec.com\/pt\/produto\/voith-ipv-5-50-171\/\" \/>\n<meta property=\"og:locale\" content=\"pt_PT\" \/>\n<meta property=\"og:type\" content=\"article\" \/>\n<meta property=\"og:title\" content=\"Voith IPV 5\/-50\/171 - hlautec.com\" \/>\n<meta property=\"og:description\" content=\"Data sheet Mass 18.0 kg Designation IPV 5 \/ &#8211; 50\/171 Shaft end Cylindrical &#8211; 32 mm \/ pen 10 mm Installation center 127.0 mm Mounting bolt spacing 181 mm Geometric volume of the pump 50.3 cc\/rev Pump flow at 1500 rpm 75.45 l \/ min Maximum speed 2500.0 U\/min Continuous working pressure 280.0 bar [&hellip;]\" \/>\n<meta property=\"og:url\" content=\"https:\/\/hlautec.com\/pt\/produto\/voith-ipv-5-50-171\/\" \/>\n<meta property=\"og:site_name\" content=\"hlautec.com\" \/>\n<meta property=\"article:modified_time\" content=\"2025-07-03T02:35:37+00:00\" \/>\n<meta property=\"og:image\" content=\"https:\/\/hlautec.com\/wp-content\/uploads\/2025\/06\/1-24.jpg\" \/>\n\t<meta property=\"og:image:width\" content=\"924\" \/>\n\t<meta property=\"og:image:height\" content=\"924\" \/>\n\t<meta property=\"og:image:type\" content=\"image\/jpeg\" \/>\n<meta name=\"twitter:card\" content=\"summary_large_image\" \/>\n<meta name=\"twitter:label1\" content=\"Tempo estimado de leitura\" \/>\n\t<meta name=\"twitter:data1\" content=\"1 minuto\" \/>\n<script type=\"application\/ld+json\" class=\"yoast-schema-graph\">{\"@context\":\"https:\\\/\\\/schema.org\",\"@graph\":[{\"@type\":\"WebPage\",\"@id\":\"https:\\\/\\\/hlautec.com\\\/product\\\/voith-ipv-5-50-171\\\/\",\"url\":\"https:\\\/\\\/hlautec.com\\\/product\\\/voith-ipv-5-50-171\\\/\",\"name\":\"Voith IPV 5\\\/-50\\\/171 - hlautec.com\",\"isPartOf\":{\"@id\":\"https:\\\/\\\/hlautec.com\\\/#website\"},\"primaryImageOfPage\":{\"@id\":\"https:\\\/\\\/hlautec.com\\\/product\\\/voith-ipv-5-50-171\\\/#primaryimage\"},\"image\":{\"@id\":\"https:\\\/\\\/hlautec.com\\\/product\\\/voith-ipv-5-50-171\\\/#primaryimage\"},\"thumbnailUrl\":\"https:\\\/\\\/hlautec.com\\\/wp-content\\\/uploads\\\/2025\\\/06\\\/1-24.jpg\",\"datePublished\":\"2025-06-29T10:51:31+00:00\",\"dateModified\":\"2025-07-03T02:35:37+00:00\",\"breadcrumb\":{\"@id\":\"https:\\\/\\\/hlautec.com\\\/product\\\/voith-ipv-5-50-171\\\/#breadcrumb\"},\"inLanguage\":\"pt-PT\",\"potentialAction\":[{\"@type\":\"ReadAction\",\"target\":[\"https:\\\/\\\/hlautec.com\\\/product\\\/voith-ipv-5-50-171\\\/\"]}]},{\"@type\":\"ImageObject\",\"inLanguage\":\"pt-PT\",\"@id\":\"https:\\\/\\\/hlautec.com\\\/product\\\/voith-ipv-5-50-171\\\/#primaryimage\",\"url\":\"https:\\\/\\\/hlautec.com\\\/wp-content\\\/uploads\\\/2025\\\/06\\\/1-24.jpg\",\"contentUrl\":\"https:\\\/\\\/hlautec.com\\\/wp-content\\\/uploads\\\/2025\\\/06\\\/1-24.jpg\",\"width\":924,\"height\":924},{\"@type\":\"BreadcrumbList\",\"@id\":\"https:\\\/\\\/hlautec.com\\\/product\\\/voith-ipv-5-50-171\\\/#breadcrumb\",\"itemListElement\":[{\"@type\":\"ListItem\",\"position\":1,\"name\":\"Home\",\"item\":\"https:\\\/\\\/hlautec.com\\\/\"},{\"@type\":\"ListItem\",\"position\":2,\"name\":\"Shop\",\"item\":\"https:\\\/\\\/hlautec.com\\\/shop\\\/\"},{\"@type\":\"ListItem\",\"position\":3,\"name\":\"Voith IPV 5\\\/-50\\\/171\"}]},{\"@type\":\"WebSite\",\"@id\":\"https:\\\/\\\/hlautec.com\\\/#website\",\"url\":\"https:\\\/\\\/hlautec.com\\\/\",\"name\":\"hlautec.com\",\"description\":\"\",\"publisher\":{\"@id\":\"https:\\\/\\\/hlautec.com\\\/#organization\"},\"potentialAction\":[{\"@type\":\"SearchAction\",\"target\":{\"@type\":\"EntryPoint\",\"urlTemplate\":\"https:\\\/\\\/hlautec.com\\\/?s={search_term_string}\"},\"query-input\":{\"@type\":\"PropertyValueSpecification\",\"valueRequired\":true,\"valueName\":\"search_term_string\"}}],\"inLanguage\":\"pt-PT\"},{\"@type\":\"Organization\",\"@id\":\"https:\\\/\\\/hlautec.com\\\/#organization\",\"name\":\"hlautec.com\",\"url\":\"https:\\\/\\\/hlautec.com\\\/\",\"logo\":{\"@type\":\"ImageObject\",\"inLanguage\":\"pt-PT\",\"@id\":\"https:\\\/\\\/hlautec.com\\\/#\\\/schema\\\/logo\\\/image\\\/\",\"url\":\"https:\\\/\\\/hlautec.com\\\/wp-content\\\/uploads\\\/2025\\\/06\\\/\u5fae\u4fe1\u56fe\u7247_20250604093745-scaled.jpg\",\"contentUrl\":\"https:\\\/\\\/hlautec.com\\\/wp-content\\\/uploads\\\/2025\\\/06\\\/\u5fae\u4fe1\u56fe\u7247_20250604093745-scaled.jpg\",\"width\":2560,\"height\":1764,\"caption\":\"hlautec.com\"},\"image\":{\"@id\":\"https:\\\/\\\/hlautec.com\\\/#\\\/schema\\\/logo\\\/image\\\/\"}}]}<\/script>\n<!-- \/ Yoast SEO plugin. -->","yoast_head_json":{"title":"Voith IPV 5\/-50\/171 - hlautec.com","robots":{"index":"index","follow":"follow","max-snippet":"max-snippet:-1","max-image-preview":"max-image-preview:large","max-video-preview":"max-video-preview:-1"},"canonical":"https:\/\/hlautec.com\/pt\/produto\/voith-ipv-5-50-171\/","og_locale":"pt_PT","og_type":"article","og_title":"Voith IPV 5\/-50\/171 - hlautec.com","og_description":"Data sheet Mass 18.0 kg Designation IPV 5 \/ &#8211; 50\/171 Shaft end Cylindrical &#8211; 32 mm \/ pen 10 mm Installation center 127.0 mm Mounting bolt spacing 181 mm Geometric volume of the pump 50.3 cc\/rev Pump flow at 1500 rpm 75.45 l \/ min Maximum speed 2500.0 U\/min Continuous working pressure 280.0 bar [&hellip;]","og_url":"https:\/\/hlautec.com\/pt\/produto\/voith-ipv-5-50-171\/","og_site_name":"hlautec.com","article_modified_time":"2025-07-03T02:35:37+00:00","og_image":[{"width":924,"height":924,"url":"https:\/\/hlautec.com\/wp-content\/uploads\/2025\/06\/1-24.jpg","type":"image\/jpeg"}],"twitter_card":"summary_large_image","twitter_misc":{"Tempo estimado de leitura":"1 minuto"},"schema":{"@context":"https:\/\/schema.org","@graph":[{"@type":"WebPage","@id":"https:\/\/hlautec.com\/product\/voith-ipv-5-50-171\/","url":"https:\/\/hlautec.com\/product\/voith-ipv-5-50-171\/","name":"Voith IPV 5\/-50\/171 - hlautec.com","isPartOf":{"@id":"https:\/\/hlautec.com\/#website"},"primaryImageOfPage":{"@id":"https:\/\/hlautec.com\/product\/voith-ipv-5-50-171\/#primaryimage"},"image":{"@id":"https:\/\/hlautec.com\/product\/voith-ipv-5-50-171\/#primaryimage"},"thumbnailUrl":"https:\/\/hlautec.com\/wp-content\/uploads\/2025\/06\/1-24.jpg","datePublished":"2025-06-29T10:51:31+00:00","dateModified":"2025-07-03T02:35:37+00:00","breadcrumb":{"@id":"https:\/\/hlautec.com\/product\/voith-ipv-5-50-171\/#breadcrumb"},"inLanguage":"pt-PT","potentialAction":[{"@type":"ReadAction","target":["https:\/\/hlautec.com\/product\/voith-ipv-5-50-171\/"]}]},{"@type":"ImageObject","inLanguage":"pt-PT","@id":"https:\/\/hlautec.com\/product\/voith-ipv-5-50-171\/#primaryimage","url":"https:\/\/hlautec.com\/wp-content\/uploads\/2025\/06\/1-24.jpg","contentUrl":"https:\/\/hlautec.com\/wp-content\/uploads\/2025\/06\/1-24.jpg","width":924,"height":924},{"@type":"BreadcrumbList","@id":"https:\/\/hlautec.com\/product\/voith-ipv-5-50-171\/#breadcrumb","itemListElement":[{"@type":"ListItem","position":1,"name":"Home","item":"https:\/\/hlautec.com\/"},{"@type":"ListItem","position":2,"name":"Shop","item":"https:\/\/hlautec.com\/shop\/"},{"@type":"ListItem","position":3,"name":"Voith IPV 5\/-50\/171"}]},{"@type":"WebSite","@id":"https:\/\/hlautec.com\/#website","url":"https:\/\/hlautec.com\/","name":"hlautec.com","description":"","publisher":{"@id":"https:\/\/hlautec.com\/#organization"},"potentialAction":[{"@type":"SearchAction","target":{"@type":"EntryPoint","urlTemplate":"https:\/\/hlautec.com\/?s={search_term_string}"},"query-input":{"@type":"PropertyValueSpecification","valueRequired":true,"valueName":"search_term_string"}}],"inLanguage":"pt-PT"},{"@type":"Organization","@id":"https:\/\/hlautec.com\/#organization","name":"hlautec.com","url":"https:\/\/hlautec.com\/","logo":{"@type":"ImageObject","inLanguage":"pt-PT","@id":"https:\/\/hlautec.com\/#\/schema\/logo\/image\/","url":"https:\/\/hlautec.com\/wp-content\/uploads\/2025\/06\/\u5fae\u4fe1\u56fe\u7247_20250604093745-scaled.jpg","contentUrl":"https:\/\/hlautec.com\/wp-content\/uploads\/2025\/06\/\u5fae\u4fe1\u56fe\u7247_20250604093745-scaled.jpg","width":2560,"height":1764,"caption":"hlautec.com"},"image":{"@id":"https:\/\/hlautec.com\/#\/schema\/logo\/image\/"}}]}},"jetpack_sharing_enabled":true,"_links":{"self":[{"href":"https:\/\/hlautec.com\/pt\/wp-json\/wp\/v2\/product\/1429","targetHints":{"allow":["GET"]}}],"collection":[{"href":"https:\/\/hlautec.com\/pt\/wp-json\/wp\/v2\/product"}],"about":[{"href":"https:\/\/hlautec.com\/pt\/wp-json\/wp\/v2\/types\/product"}],"replies":[{"embeddable":true,"href":"https:\/\/hlautec.com\/pt\/wp-json\/wp\/v2\/comments?post=1429"}],"wp:featuredmedia":[{"embeddable":true,"href":"https:\/\/hlautec.com\/pt\/wp-json\/wp\/v2\/media\/1430"}],"wp:attachment":[{"href":"https:\/\/hlautec.com\/pt\/wp-json\/wp\/v2\/media?parent=1429"}],"wp:term":[{"taxonomy":"brand_category","embeddable":true,"href":"https:\/\/hlautec.com\/pt\/wp-json\/wp\/v2\/brand_category?post=1429"},{"taxonomy":"product_brand","embeddable":true,"href":"https:\/\/hlautec.com\/pt\/wp-json\/wp\/v2\/product_brand?post=1429"},{"taxonomy":"product_cat","embeddable":true,"href":"https:\/\/hlautec.com\/pt\/wp-json\/wp\/v2\/product_cat?post=1429"},{"taxonomy":"product_tag","embeddable":true,"href":"https:\/\/hlautec.com\/pt\/wp-json\/wp\/v2\/product_tag?post=1429"}],"curies":[{"name":"wp","href":"https:\/\/api.w.org\/{rel}","templated":true}]}}