{"id":1420,"date":"2025-06-29T10:28:10","date_gmt":"2025-06-29T10:28:10","guid":{"rendered":"https:\/\/hlautec.com\/?post_type=product&#038;p=1420"},"modified":"2025-07-03T02:39:55","modified_gmt":"2025-07-03T02:39:55","slug":"sai-gm-series","status":"publish","type":"product","link":"https:\/\/hlautec.com\/pt\/produto\/sai-gm-series\/","title":{"rendered":"S\u00e9rie Sai GM"},"content":{"rendered":"<p>GM series hydraulic motor is a new type of product of our company, which based on years practical experience and designed and improved the original products on the basis of Italian technologies.<\/p>\n<p>GM hydraulic motor mainly has the following characteristics:<\/p>\n<ol>\n<li>Como o pist\u00e3o e o cilindro de inclina\u00e7\u00e3o n\u00e3o t\u00eam for\u00e7a lateral, o fundo do pist\u00e3o foi concebido para ser um equil\u00edbrio de press\u00e3o est\u00e1tica. A for\u00e7a de tor\u00e7\u00e3o \u00e9 transferida! entre o pist\u00e3o e a cambota atrav\u00e9s de rolamentos, pelo que a perda de fric\u00e7\u00e3o durante o processo de transfer\u00eancia de for\u00e7a \u00e9 reduzida. Por conseguinte, o motor hidr\u00e1ulico da s\u00e9rie GM tem carater\u00edsticas como: efici\u00eancia mec\u00e2nica muito elevada e bin\u00e1rio de arranque comparativamente elevado (efici\u00eancia mec\u00e2nica superior a 0,92 durante o arranque).<\/li>\n<li>O distribuidor plano (tecnologia patenteada) \u00e9 simples e fi\u00e1vel, com um desempenho de veda\u00e7\u00e3o perfeito e quase sem fugas. O anel de pist\u00e3o de pl\u00e1stico \u00e9 utilizado para vedar entre o pist\u00e3o e o cilindro de inclina\u00e7\u00e3o, pelo que tem uma efici\u00eancia volum\u00e9trica muito elevada (pode atingir 0,98).<\/li>\n<li>Como a estrutura deste produto reduziu a perda de fric\u00e7\u00e3o e melhorou o desempenho da veda\u00e7\u00e3o, o produto tem uma estabilidade perfeita a baixa velocidade. Pode funcionar de forma est\u00e1vel em condi\u00e7\u00f5es de trabalho de 1 r\/min e tem uma grande gama de regula\u00e7\u00e3o de velocidade.<\/li>\n<li>Uma vez que o pist\u00e3o est\u00e1 estreitamente ligado ao casquilho do rolamento sem qualquer folga, esta s\u00e9rie de motores hidr\u00e1ulicos pode funcionar em condi\u00e7\u00f5es de funcionamento da bomba.<\/li>\n<li>Esta s\u00e9rie de motor hidr\u00e1ulico tem alta press\u00e3o, peso leve, pequeno volume e alta pot\u00eancia espec\u00edfica.<\/li>\n<li>Como esta s\u00e9rie de motores hidr\u00e1ulicos tem uma estrutura simples, um design razo\u00e1vel e adopta rolamentos com grande capacidade de carga, pode funcionar de forma fi\u00e1vel e tem uma vida longa e baixo ru\u00eddo; o eixo de transmiss\u00e3o permite suportar a carga radial e o sentido de rota\u00e7\u00e3o \u00e9 revers\u00edvel.<\/li>\n<\/ol>\n<p>Tipo: GM05, GM1, GM2, GM3, GM4, GM5, GM6, GM7<\/p>\n<hr \/>\n<p>O QUE \u00c9 QUE O HOMEM FAZ?<\/p>","protected":false},"excerpt":{"rendered":"<p>GM series hydraulic motor is a new type of product of our company, which based on years practical experience and designed and improved the original products on the basis of Italian technologies. GM hydraulic motor mainly has the following characteristics: As the piston and the tilt cylinder have no side force, the piston bottom is [&hellip;]<\/p>","protected":false},"featured_media":1421,"comment_status":"open","ping_status":"closed","template":"","meta":{"_acf_changed":false},"brand_category":[130,157],"product_brand":[70,100],"product_cat":[24],"product_tag":[],"class_list":{"0":"post-1420","1":"product","2":"type-product","3":"status-publish","4":"has-post-thumbnail","6":"brand_category-hydraulic-brand","7":"brand_category-sai","8":"product_brand-hydraulic-brand","9":"product_brand-sai","10":"product_cat-hydraulic-components","12":"first","13":"instock","14":"shipping-taxable","15":"product-type-simple"},"acf":[],"yoast_head":"<!-- This site is optimized with the Yoast SEO plugin v27.4 - https:\/\/yoast.com\/product\/yoast-seo-wordpress\/ -->\n<title>Sai GM series - hlautec.com<\/title>\n<meta name=\"robots\" content=\"index, follow, max-snippet:-1, max-image-preview:large, max-video-preview:-1\" \/>\n<link rel=\"canonical\" href=\"https:\/\/hlautec.com\/pt\/produto\/sai-gm-series\/\" \/>\n<meta property=\"og:locale\" content=\"pt_PT\" \/>\n<meta property=\"og:type\" content=\"article\" \/>\n<meta property=\"og:title\" content=\"Sai GM series - hlautec.com\" \/>\n<meta property=\"og:description\" content=\"GM series hydraulic motor is a new type of product of our company, which based on years practical experience and designed and improved the original products on the basis of Italian technologies. GM hydraulic motor mainly has the following characteristics: As the piston and the tilt cylinder have no side force, the piston bottom is [&hellip;]\" \/>\n<meta property=\"og:url\" content=\"https:\/\/hlautec.com\/pt\/produto\/sai-gm-series\/\" \/>\n<meta property=\"og:site_name\" content=\"hlautec.com\" \/>\n<meta property=\"article:modified_time\" content=\"2025-07-03T02:39:55+00:00\" \/>\n<meta property=\"og:image\" content=\"https:\/\/hlautec.com\/wp-content\/uploads\/2025\/06\/1-20.jpg\" \/>\n\t<meta property=\"og:image:width\" content=\"867\" \/>\n\t<meta property=\"og:image:height\" content=\"867\" \/>\n\t<meta property=\"og:image:type\" content=\"image\/jpeg\" \/>\n<meta name=\"twitter:card\" content=\"summary_large_image\" \/>\n<meta name=\"twitter:label1\" content=\"Tempo estimado de leitura\" \/>\n\t<meta name=\"twitter:data1\" content=\"2 minutos\" \/>\n<script type=\"application\/ld+json\" class=\"yoast-schema-graph\">{\"@context\":\"https:\\\/\\\/schema.org\",\"@graph\":[{\"@type\":\"WebPage\",\"@id\":\"https:\\\/\\\/hlautec.com\\\/product\\\/sai-gm-series\\\/\",\"url\":\"https:\\\/\\\/hlautec.com\\\/product\\\/sai-gm-series\\\/\",\"name\":\"Sai GM series - hlautec.com\",\"isPartOf\":{\"@id\":\"https:\\\/\\\/hlautec.com\\\/#website\"},\"primaryImageOfPage\":{\"@id\":\"https:\\\/\\\/hlautec.com\\\/product\\\/sai-gm-series\\\/#primaryimage\"},\"image\":{\"@id\":\"https:\\\/\\\/hlautec.com\\\/product\\\/sai-gm-series\\\/#primaryimage\"},\"thumbnailUrl\":\"https:\\\/\\\/hlautec.com\\\/wp-content\\\/uploads\\\/2025\\\/06\\\/1-20.jpg\",\"datePublished\":\"2025-06-29T10:28:10+00:00\",\"dateModified\":\"2025-07-03T02:39:55+00:00\",\"breadcrumb\":{\"@id\":\"https:\\\/\\\/hlautec.com\\\/product\\\/sai-gm-series\\\/#breadcrumb\"},\"inLanguage\":\"pt-PT\",\"potentialAction\":[{\"@type\":\"ReadAction\",\"target\":[\"https:\\\/\\\/hlautec.com\\\/product\\\/sai-gm-series\\\/\"]}]},{\"@type\":\"ImageObject\",\"inLanguage\":\"pt-PT\",\"@id\":\"https:\\\/\\\/hlautec.com\\\/product\\\/sai-gm-series\\\/#primaryimage\",\"url\":\"https:\\\/\\\/hlautec.com\\\/wp-content\\\/uploads\\\/2025\\\/06\\\/1-20.jpg\",\"contentUrl\":\"https:\\\/\\\/hlautec.com\\\/wp-content\\\/uploads\\\/2025\\\/06\\\/1-20.jpg\",\"width\":867,\"height\":867},{\"@type\":\"BreadcrumbList\",\"@id\":\"https:\\\/\\\/hlautec.com\\\/product\\\/sai-gm-series\\\/#breadcrumb\",\"itemListElement\":[{\"@type\":\"ListItem\",\"position\":1,\"name\":\"Home\",\"item\":\"https:\\\/\\\/hlautec.com\\\/\"},{\"@type\":\"ListItem\",\"position\":2,\"name\":\"Shop\",\"item\":\"https:\\\/\\\/hlautec.com\\\/shop\\\/\"},{\"@type\":\"ListItem\",\"position\":3,\"name\":\"Sai GM series\"}]},{\"@type\":\"WebSite\",\"@id\":\"https:\\\/\\\/hlautec.com\\\/#website\",\"url\":\"https:\\\/\\\/hlautec.com\\\/\",\"name\":\"hlautec.com\",\"description\":\"\",\"publisher\":{\"@id\":\"https:\\\/\\\/hlautec.com\\\/#organization\"},\"potentialAction\":[{\"@type\":\"SearchAction\",\"target\":{\"@type\":\"EntryPoint\",\"urlTemplate\":\"https:\\\/\\\/hlautec.com\\\/?s={search_term_string}\"},\"query-input\":{\"@type\":\"PropertyValueSpecification\",\"valueRequired\":true,\"valueName\":\"search_term_string\"}}],\"inLanguage\":\"pt-PT\"},{\"@type\":\"Organization\",\"@id\":\"https:\\\/\\\/hlautec.com\\\/#organization\",\"name\":\"hlautec.com\",\"url\":\"https:\\\/\\\/hlautec.com\\\/\",\"logo\":{\"@type\":\"ImageObject\",\"inLanguage\":\"pt-PT\",\"@id\":\"https:\\\/\\\/hlautec.com\\\/#\\\/schema\\\/logo\\\/image\\\/\",\"url\":\"https:\\\/\\\/hlautec.com\\\/wp-content\\\/uploads\\\/2025\\\/06\\\/\u5fae\u4fe1\u56fe\u7247_20250604093745-scaled.jpg\",\"contentUrl\":\"https:\\\/\\\/hlautec.com\\\/wp-content\\\/uploads\\\/2025\\\/06\\\/\u5fae\u4fe1\u56fe\u7247_20250604093745-scaled.jpg\",\"width\":2560,\"height\":1764,\"caption\":\"hlautec.com\"},\"image\":{\"@id\":\"https:\\\/\\\/hlautec.com\\\/#\\\/schema\\\/logo\\\/image\\\/\"}}]}<\/script>\n<!-- \/ Yoast SEO plugin. -->","yoast_head_json":{"title":"Sai GM series - hlautec.com","robots":{"index":"index","follow":"follow","max-snippet":"max-snippet:-1","max-image-preview":"max-image-preview:large","max-video-preview":"max-video-preview:-1"},"canonical":"https:\/\/hlautec.com\/pt\/produto\/sai-gm-series\/","og_locale":"pt_PT","og_type":"article","og_title":"Sai GM series - hlautec.com","og_description":"GM series hydraulic motor is a new type of product of our company, which based on years practical experience and designed and improved the original products on the basis of Italian technologies. GM hydraulic motor mainly has the following characteristics: As the piston and the tilt cylinder have no side force, the piston bottom is [&hellip;]","og_url":"https:\/\/hlautec.com\/pt\/produto\/sai-gm-series\/","og_site_name":"hlautec.com","article_modified_time":"2025-07-03T02:39:55+00:00","og_image":[{"width":867,"height":867,"url":"https:\/\/hlautec.com\/wp-content\/uploads\/2025\/06\/1-20.jpg","type":"image\/jpeg"}],"twitter_card":"summary_large_image","twitter_misc":{"Tempo estimado de leitura":"2 minutos"},"schema":{"@context":"https:\/\/schema.org","@graph":[{"@type":"WebPage","@id":"https:\/\/hlautec.com\/product\/sai-gm-series\/","url":"https:\/\/hlautec.com\/product\/sai-gm-series\/","name":"Sai GM series - hlautec.com","isPartOf":{"@id":"https:\/\/hlautec.com\/#website"},"primaryImageOfPage":{"@id":"https:\/\/hlautec.com\/product\/sai-gm-series\/#primaryimage"},"image":{"@id":"https:\/\/hlautec.com\/product\/sai-gm-series\/#primaryimage"},"thumbnailUrl":"https:\/\/hlautec.com\/wp-content\/uploads\/2025\/06\/1-20.jpg","datePublished":"2025-06-29T10:28:10+00:00","dateModified":"2025-07-03T02:39:55+00:00","breadcrumb":{"@id":"https:\/\/hlautec.com\/product\/sai-gm-series\/#breadcrumb"},"inLanguage":"pt-PT","potentialAction":[{"@type":"ReadAction","target":["https:\/\/hlautec.com\/product\/sai-gm-series\/"]}]},{"@type":"ImageObject","inLanguage":"pt-PT","@id":"https:\/\/hlautec.com\/product\/sai-gm-series\/#primaryimage","url":"https:\/\/hlautec.com\/wp-content\/uploads\/2025\/06\/1-20.jpg","contentUrl":"https:\/\/hlautec.com\/wp-content\/uploads\/2025\/06\/1-20.jpg","width":867,"height":867},{"@type":"BreadcrumbList","@id":"https:\/\/hlautec.com\/product\/sai-gm-series\/#breadcrumb","itemListElement":[{"@type":"ListItem","position":1,"name":"Home","item":"https:\/\/hlautec.com\/"},{"@type":"ListItem","position":2,"name":"Shop","item":"https:\/\/hlautec.com\/shop\/"},{"@type":"ListItem","position":3,"name":"Sai GM series"}]},{"@type":"WebSite","@id":"https:\/\/hlautec.com\/#website","url":"https:\/\/hlautec.com\/","name":"hlautec.com","description":"","publisher":{"@id":"https:\/\/hlautec.com\/#organization"},"potentialAction":[{"@type":"SearchAction","target":{"@type":"EntryPoint","urlTemplate":"https:\/\/hlautec.com\/?s={search_term_string}"},"query-input":{"@type":"PropertyValueSpecification","valueRequired":true,"valueName":"search_term_string"}}],"inLanguage":"pt-PT"},{"@type":"Organization","@id":"https:\/\/hlautec.com\/#organization","name":"hlautec.com","url":"https:\/\/hlautec.com\/","logo":{"@type":"ImageObject","inLanguage":"pt-PT","@id":"https:\/\/hlautec.com\/#\/schema\/logo\/image\/","url":"https:\/\/hlautec.com\/wp-content\/uploads\/2025\/06\/\u5fae\u4fe1\u56fe\u7247_20250604093745-scaled.jpg","contentUrl":"https:\/\/hlautec.com\/wp-content\/uploads\/2025\/06\/\u5fae\u4fe1\u56fe\u7247_20250604093745-scaled.jpg","width":2560,"height":1764,"caption":"hlautec.com"},"image":{"@id":"https:\/\/hlautec.com\/#\/schema\/logo\/image\/"}}]}},"jetpack_sharing_enabled":true,"_links":{"self":[{"href":"https:\/\/hlautec.com\/pt\/wp-json\/wp\/v2\/product\/1420","targetHints":{"allow":["GET"]}}],"collection":[{"href":"https:\/\/hlautec.com\/pt\/wp-json\/wp\/v2\/product"}],"about":[{"href":"https:\/\/hlautec.com\/pt\/wp-json\/wp\/v2\/types\/product"}],"replies":[{"embeddable":true,"href":"https:\/\/hlautec.com\/pt\/wp-json\/wp\/v2\/comments?post=1420"}],"wp:featuredmedia":[{"embeddable":true,"href":"https:\/\/hlautec.com\/pt\/wp-json\/wp\/v2\/media\/1421"}],"wp:attachment":[{"href":"https:\/\/hlautec.com\/pt\/wp-json\/wp\/v2\/media?parent=1420"}],"wp:term":[{"taxonomy":"brand_category","embeddable":true,"href":"https:\/\/hlautec.com\/pt\/wp-json\/wp\/v2\/brand_category?post=1420"},{"taxonomy":"product_brand","embeddable":true,"href":"https:\/\/hlautec.com\/pt\/wp-json\/wp\/v2\/product_brand?post=1420"},{"taxonomy":"product_cat","embeddable":true,"href":"https:\/\/hlautec.com\/pt\/wp-json\/wp\/v2\/product_cat?post=1420"},{"taxonomy":"product_tag","embeddable":true,"href":"https:\/\/hlautec.com\/pt\/wp-json\/wp\/v2\/product_tag?post=1420"}],"curies":[{"name":"wp","href":"https:\/\/api.w.org\/{rel}","templated":true}]}}