{"id":1259,"date":"2025-06-25T08:53:28","date_gmt":"2025-06-25T08:53:28","guid":{"rendered":"https:\/\/hlautec.com\/?post_type=product&#038;p=1259"},"modified":"2025-07-03T03:02:43","modified_gmt":"2025-07-03T03:02:43","slug":"rexroth-r901400307-3wh6a5x-oxc","status":"publish","type":"product","link":"https:\/\/hlautec.com\/pt\/produto\/rexroth-r901400307-3wh6a5x-oxc\/","title":{"rendered":"Rexroth R901400307 3WH6A5X\/OXC"},"content":{"rendered":"<p class=\"c-font-bold c-margin-b-5\">Especifica\u00e7\u00f5es<\/p>\n<p>&nbsp;<\/p>\n<ul>\n<li>Tamanho 6<\/li>\n<li>S\u00e9rie de componentes 5X<\/li>\n<li>Press\u00e3o m\u00e1xima de funcionamento 315 bar<\/li>\n<li>Caudal m\u00e1ximo 60 l\/min<\/li>\n<li>\u00c1rea de aplica\u00e7\u00e3o em conformidade com a Diretiva relativa \u00e0 prote\u00e7\u00e3o contra explos\u00f5es 2014\/34\/UE: I M2, II 2G, II 2D, II 3G, II 3D<\/li>\n<li>Tipo de prote\u00e7\u00e3o dos solen\u00f3ides das v\u00e1lvulas: c (EN 13463-5)<\/li>\n<\/ul>\n<p>&nbsp;<\/p>\n<div id=\"product-tab-specification\" class=\"no-padding\">\n<div class=\"row\">\n<div class=\"col-md-6\">\n<table class=\"table table-striped table-condensed\">\n<tbody>\n<tr>\n<th>Portos principais (3)<\/th>\n<td data-title=\"Main ports\">3 portas principais<\/td>\n<\/tr>\n<tr>\n<th>S\u00e9rie (W)<\/th>\n<td data-title=\"Series\">V\u00e1lvula direcional<\/td>\n<\/tr>\n<tr>\n<th>Tipo de acionamento (H)<\/th>\n<td data-title=\"Type of actuation\">Hidr\u00e1ulico<\/td>\n<\/tr>\n<tr>\n<th>Portos<\/th>\n<td data-title=\"Ports\">Radial<\/td>\n<\/tr>\n<tr>\n<th>Tamanho (6)<\/th>\n<td data-title=\"Size\">Tamanho 6<\/td>\n<\/tr>\n<tr>\n<th>S\u00edmbolos (A)<\/th>\n<td data-title=\"Symbols\">A<\/td>\n<\/tr>\n<tr>\n<th>S\u00e9rie de componentes (5X)<\/th>\n<td data-title=\"Component Series\">Component series 50 \u2026 59 (unchanged installation and connection dimensions) &#8211; version &#8216;H&#8217;<\/td>\n<\/tr>\n<\/tbody>\n<\/table>\n<\/div>\n<div class=\"col-md-6\">\n<table class=\"table table-striped table-condensed\">\n<tbody>\n<tr>\n<th>Retorno por mola (O)<\/th>\n<td data-title=\"Spring return\">Sem retorno por mola<\/td>\n<\/tr>\n<tr>\n<th>Comando manual<\/th>\n<td data-title=\"Manual override\">Sem acionamento manual<\/td>\n<\/tr>\n<tr>\n<th>Prote\u00e7\u00e3o contra explos\u00e3o (XC)<\/th>\n<td data-title=\"Explosion protection\">Dispositivos n\u00e3o el\u00e9ctricos<\/td>\n<\/tr>\n<tr>\n<th>Inser\u00e7\u00e3o do acelerador<\/th>\n<td data-title=\"Throttle insert\">Sem dispositivo de acelera\u00e7\u00e3o<\/td>\n<\/tr>\n<tr>\n<th>Material do selo<\/th>\n<td data-title=\"Seal Material\">Veda\u00e7\u00f5es NBR<\/td>\n<\/tr>\n<tr>\n<th>Furo de localiza\u00e7\u00e3o<\/th>\n<td data-title=\"Locating hole\">Sem furo de localiza\u00e7\u00e3o<\/td>\n<\/tr>\n<\/tbody>\n<\/table>\n<\/div>\n<\/div>\n<\/div>","protected":false},"excerpt":{"rendered":"<p>Specifications &nbsp; Size\u00a06 Component series\u00a05X Maximum operating pressure\u00a0315\u00a0bar Maximum flow\u00a060\u00a0l\/min Area of application in accordance with the Explosion Protection Directive 2014\/34\/EU: I\u00a0M2, II\u00a02G, II\u00a02D, II\u00a03G, II\u00a03D Type of protection of the valve solenoids: c (EN\u00a013463-5) &nbsp; Main ports (3) 3 main ports Series (W) Directional valve Type of actuation (H) Hydraulic Ports Radial Size (6) [&hellip;]<\/p>","protected":false},"featured_media":1260,"comment_status":"open","ping_status":"closed","template":"","meta":{"_acf_changed":false},"brand_category":[130,156],"product_brand":[70,85],"product_cat":[24],"product_tag":[],"class_list":{"0":"post-1259","1":"product","2":"type-product","3":"status-publish","4":"has-post-thumbnail","6":"brand_category-hydraulic-brand","7":"brand_category-rexroth","8":"product_brand-hydraulic-brand","9":"product_brand-rexroth","10":"product_cat-hydraulic-components","12":"first","13":"instock","14":"shipping-taxable","15":"product-type-simple"},"acf":[],"yoast_head":"<!-- This site is optimized with the Yoast SEO plugin v27.4 - https:\/\/yoast.com\/product\/yoast-seo-wordpress\/ -->\n<title>Rexroth R901400307 3WH6A5X\/OXC - hlautec.com<\/title>\n<meta name=\"robots\" content=\"index, follow, max-snippet:-1, max-image-preview:large, max-video-preview:-1\" \/>\n<link rel=\"canonical\" href=\"https:\/\/hlautec.com\/pt\/produto\/rexroth-r901400307-3wh6a5x-oxc\/\" \/>\n<meta property=\"og:locale\" content=\"pt_PT\" \/>\n<meta property=\"og:type\" content=\"article\" \/>\n<meta property=\"og:title\" content=\"Rexroth R901400307 3WH6A5X\/OXC - hlautec.com\" \/>\n<meta property=\"og:description\" content=\"Specifications &nbsp; Size\u00a06 Component series\u00a05X Maximum operating pressure\u00a0315\u00a0bar Maximum flow\u00a060\u00a0l\/min Area of application in accordance with the Explosion Protection Directive 2014\/34\/EU: I\u00a0M2, II\u00a02G, II\u00a02D, II\u00a03G, II\u00a03D Type of protection of the valve solenoids: c (EN\u00a013463-5) &nbsp; Main ports (3) 3 main ports Series (W) Directional valve Type of actuation (H) Hydraulic Ports Radial Size (6) [&hellip;]\" \/>\n<meta property=\"og:url\" content=\"https:\/\/hlautec.com\/pt\/produto\/rexroth-r901400307-3wh6a5x-oxc\/\" \/>\n<meta property=\"og:site_name\" content=\"hlautec.com\" \/>\n<meta property=\"article:modified_time\" content=\"2025-07-03T03:02:43+00:00\" \/>\n<meta property=\"og:image\" content=\"https:\/\/hlautec.com\/wp-content\/uploads\/2025\/06\/25.png\" \/>\n\t<meta property=\"og:image:width\" content=\"734\" \/>\n\t<meta property=\"og:image:height\" content=\"734\" \/>\n\t<meta property=\"og:image:type\" content=\"image\/png\" \/>\n<meta name=\"twitter:card\" content=\"summary_large_image\" \/>\n<meta name=\"twitter:label1\" content=\"Tempo estimado de leitura\" \/>\n\t<meta name=\"twitter:data1\" content=\"1 minuto\" \/>\n<script type=\"application\/ld+json\" class=\"yoast-schema-graph\">{\"@context\":\"https:\\\/\\\/schema.org\",\"@graph\":[{\"@type\":\"WebPage\",\"@id\":\"https:\\\/\\\/hlautec.com\\\/product\\\/rexroth-r901400307-3wh6a5x-oxc\\\/\",\"url\":\"https:\\\/\\\/hlautec.com\\\/product\\\/rexroth-r901400307-3wh6a5x-oxc\\\/\",\"name\":\"Rexroth R901400307 3WH6A5X\\\/OXC - hlautec.com\",\"isPartOf\":{\"@id\":\"https:\\\/\\\/hlautec.com\\\/#website\"},\"primaryImageOfPage\":{\"@id\":\"https:\\\/\\\/hlautec.com\\\/product\\\/rexroth-r901400307-3wh6a5x-oxc\\\/#primaryimage\"},\"image\":{\"@id\":\"https:\\\/\\\/hlautec.com\\\/product\\\/rexroth-r901400307-3wh6a5x-oxc\\\/#primaryimage\"},\"thumbnailUrl\":\"https:\\\/\\\/hlautec.com\\\/wp-content\\\/uploads\\\/2025\\\/06\\\/25.png\",\"datePublished\":\"2025-06-25T08:53:28+00:00\",\"dateModified\":\"2025-07-03T03:02:43+00:00\",\"breadcrumb\":{\"@id\":\"https:\\\/\\\/hlautec.com\\\/product\\\/rexroth-r901400307-3wh6a5x-oxc\\\/#breadcrumb\"},\"inLanguage\":\"pt-PT\",\"potentialAction\":[{\"@type\":\"ReadAction\",\"target\":[\"https:\\\/\\\/hlautec.com\\\/product\\\/rexroth-r901400307-3wh6a5x-oxc\\\/\"]}]},{\"@type\":\"ImageObject\",\"inLanguage\":\"pt-PT\",\"@id\":\"https:\\\/\\\/hlautec.com\\\/product\\\/rexroth-r901400307-3wh6a5x-oxc\\\/#primaryimage\",\"url\":\"https:\\\/\\\/hlautec.com\\\/wp-content\\\/uploads\\\/2025\\\/06\\\/25.png\",\"contentUrl\":\"https:\\\/\\\/hlautec.com\\\/wp-content\\\/uploads\\\/2025\\\/06\\\/25.png\",\"width\":734,\"height\":734},{\"@type\":\"BreadcrumbList\",\"@id\":\"https:\\\/\\\/hlautec.com\\\/product\\\/rexroth-r901400307-3wh6a5x-oxc\\\/#breadcrumb\",\"itemListElement\":[{\"@type\":\"ListItem\",\"position\":1,\"name\":\"Home\",\"item\":\"https:\\\/\\\/hlautec.com\\\/\"},{\"@type\":\"ListItem\",\"position\":2,\"name\":\"Shop\",\"item\":\"https:\\\/\\\/hlautec.com\\\/shop\\\/\"},{\"@type\":\"ListItem\",\"position\":3,\"name\":\"Rexroth R901400307 3WH6A5X\\\/OXC\"}]},{\"@type\":\"WebSite\",\"@id\":\"https:\\\/\\\/hlautec.com\\\/#website\",\"url\":\"https:\\\/\\\/hlautec.com\\\/\",\"name\":\"hlautec.com\",\"description\":\"\",\"publisher\":{\"@id\":\"https:\\\/\\\/hlautec.com\\\/#organization\"},\"potentialAction\":[{\"@type\":\"SearchAction\",\"target\":{\"@type\":\"EntryPoint\",\"urlTemplate\":\"https:\\\/\\\/hlautec.com\\\/?s={search_term_string}\"},\"query-input\":{\"@type\":\"PropertyValueSpecification\",\"valueRequired\":true,\"valueName\":\"search_term_string\"}}],\"inLanguage\":\"pt-PT\"},{\"@type\":\"Organization\",\"@id\":\"https:\\\/\\\/hlautec.com\\\/#organization\",\"name\":\"hlautec.com\",\"url\":\"https:\\\/\\\/hlautec.com\\\/\",\"logo\":{\"@type\":\"ImageObject\",\"inLanguage\":\"pt-PT\",\"@id\":\"https:\\\/\\\/hlautec.com\\\/#\\\/schema\\\/logo\\\/image\\\/\",\"url\":\"https:\\\/\\\/hlautec.com\\\/wp-content\\\/uploads\\\/2025\\\/06\\\/\u5fae\u4fe1\u56fe\u7247_20250604093745-scaled.jpg\",\"contentUrl\":\"https:\\\/\\\/hlautec.com\\\/wp-content\\\/uploads\\\/2025\\\/06\\\/\u5fae\u4fe1\u56fe\u7247_20250604093745-scaled.jpg\",\"width\":2560,\"height\":1764,\"caption\":\"hlautec.com\"},\"image\":{\"@id\":\"https:\\\/\\\/hlautec.com\\\/#\\\/schema\\\/logo\\\/image\\\/\"}}]}<\/script>\n<!-- \/ Yoast SEO plugin. -->","yoast_head_json":{"title":"Rexroth R901400307 3WH6A5X\/OXC - hlautec.com","robots":{"index":"index","follow":"follow","max-snippet":"max-snippet:-1","max-image-preview":"max-image-preview:large","max-video-preview":"max-video-preview:-1"},"canonical":"https:\/\/hlautec.com\/pt\/produto\/rexroth-r901400307-3wh6a5x-oxc\/","og_locale":"pt_PT","og_type":"article","og_title":"Rexroth R901400307 3WH6A5X\/OXC - hlautec.com","og_description":"Specifications &nbsp; Size\u00a06 Component series\u00a05X Maximum operating pressure\u00a0315\u00a0bar Maximum flow\u00a060\u00a0l\/min Area of application in accordance with the Explosion Protection Directive 2014\/34\/EU: I\u00a0M2, II\u00a02G, II\u00a02D, II\u00a03G, II\u00a03D Type of protection of the valve solenoids: c (EN\u00a013463-5) &nbsp; Main ports (3) 3 main ports Series (W) Directional valve Type of actuation (H) Hydraulic Ports Radial Size (6) [&hellip;]","og_url":"https:\/\/hlautec.com\/pt\/produto\/rexroth-r901400307-3wh6a5x-oxc\/","og_site_name":"hlautec.com","article_modified_time":"2025-07-03T03:02:43+00:00","og_image":[{"width":734,"height":734,"url":"https:\/\/hlautec.com\/wp-content\/uploads\/2025\/06\/25.png","type":"image\/png"}],"twitter_card":"summary_large_image","twitter_misc":{"Tempo estimado de leitura":"1 minuto"},"schema":{"@context":"https:\/\/schema.org","@graph":[{"@type":"WebPage","@id":"https:\/\/hlautec.com\/product\/rexroth-r901400307-3wh6a5x-oxc\/","url":"https:\/\/hlautec.com\/product\/rexroth-r901400307-3wh6a5x-oxc\/","name":"Rexroth R901400307 3WH6A5X\/OXC - hlautec.com","isPartOf":{"@id":"https:\/\/hlautec.com\/#website"},"primaryImageOfPage":{"@id":"https:\/\/hlautec.com\/product\/rexroth-r901400307-3wh6a5x-oxc\/#primaryimage"},"image":{"@id":"https:\/\/hlautec.com\/product\/rexroth-r901400307-3wh6a5x-oxc\/#primaryimage"},"thumbnailUrl":"https:\/\/hlautec.com\/wp-content\/uploads\/2025\/06\/25.png","datePublished":"2025-06-25T08:53:28+00:00","dateModified":"2025-07-03T03:02:43+00:00","breadcrumb":{"@id":"https:\/\/hlautec.com\/product\/rexroth-r901400307-3wh6a5x-oxc\/#breadcrumb"},"inLanguage":"pt-PT","potentialAction":[{"@type":"ReadAction","target":["https:\/\/hlautec.com\/product\/rexroth-r901400307-3wh6a5x-oxc\/"]}]},{"@type":"ImageObject","inLanguage":"pt-PT","@id":"https:\/\/hlautec.com\/product\/rexroth-r901400307-3wh6a5x-oxc\/#primaryimage","url":"https:\/\/hlautec.com\/wp-content\/uploads\/2025\/06\/25.png","contentUrl":"https:\/\/hlautec.com\/wp-content\/uploads\/2025\/06\/25.png","width":734,"height":734},{"@type":"BreadcrumbList","@id":"https:\/\/hlautec.com\/product\/rexroth-r901400307-3wh6a5x-oxc\/#breadcrumb","itemListElement":[{"@type":"ListItem","position":1,"name":"Home","item":"https:\/\/hlautec.com\/"},{"@type":"ListItem","position":2,"name":"Shop","item":"https:\/\/hlautec.com\/shop\/"},{"@type":"ListItem","position":3,"name":"Rexroth R901400307 3WH6A5X\/OXC"}]},{"@type":"WebSite","@id":"https:\/\/hlautec.com\/#website","url":"https:\/\/hlautec.com\/","name":"hlautec.com","description":"","publisher":{"@id":"https:\/\/hlautec.com\/#organization"},"potentialAction":[{"@type":"SearchAction","target":{"@type":"EntryPoint","urlTemplate":"https:\/\/hlautec.com\/?s={search_term_string}"},"query-input":{"@type":"PropertyValueSpecification","valueRequired":true,"valueName":"search_term_string"}}],"inLanguage":"pt-PT"},{"@type":"Organization","@id":"https:\/\/hlautec.com\/#organization","name":"hlautec.com","url":"https:\/\/hlautec.com\/","logo":{"@type":"ImageObject","inLanguage":"pt-PT","@id":"https:\/\/hlautec.com\/#\/schema\/logo\/image\/","url":"https:\/\/hlautec.com\/wp-content\/uploads\/2025\/06\/\u5fae\u4fe1\u56fe\u7247_20250604093745-scaled.jpg","contentUrl":"https:\/\/hlautec.com\/wp-content\/uploads\/2025\/06\/\u5fae\u4fe1\u56fe\u7247_20250604093745-scaled.jpg","width":2560,"height":1764,"caption":"hlautec.com"},"image":{"@id":"https:\/\/hlautec.com\/#\/schema\/logo\/image\/"}}]}},"jetpack_sharing_enabled":true,"_links":{"self":[{"href":"https:\/\/hlautec.com\/pt\/wp-json\/wp\/v2\/product\/1259","targetHints":{"allow":["GET"]}}],"collection":[{"href":"https:\/\/hlautec.com\/pt\/wp-json\/wp\/v2\/product"}],"about":[{"href":"https:\/\/hlautec.com\/pt\/wp-json\/wp\/v2\/types\/product"}],"replies":[{"embeddable":true,"href":"https:\/\/hlautec.com\/pt\/wp-json\/wp\/v2\/comments?post=1259"}],"wp:featuredmedia":[{"embeddable":true,"href":"https:\/\/hlautec.com\/pt\/wp-json\/wp\/v2\/media\/1260"}],"wp:attachment":[{"href":"https:\/\/hlautec.com\/pt\/wp-json\/wp\/v2\/media?parent=1259"}],"wp:term":[{"taxonomy":"brand_category","embeddable":true,"href":"https:\/\/hlautec.com\/pt\/wp-json\/wp\/v2\/brand_category?post=1259"},{"taxonomy":"product_brand","embeddable":true,"href":"https:\/\/hlautec.com\/pt\/wp-json\/wp\/v2\/product_brand?post=1259"},{"taxonomy":"product_cat","embeddable":true,"href":"https:\/\/hlautec.com\/pt\/wp-json\/wp\/v2\/product_cat?post=1259"},{"taxonomy":"product_tag","embeddable":true,"href":"https:\/\/hlautec.com\/pt\/wp-json\/wp\/v2\/product_tag?post=1259"}],"curies":[{"name":"wp","href":"https:\/\/api.w.org\/{rel}","templated":true}]}}