{"id":1149,"date":"2025-06-24T09:17:16","date_gmt":"2025-06-24T09:17:16","guid":{"rendered":"https:\/\/hlautec.com\/?post_type=product&#038;p=1149"},"modified":"2025-07-03T03:02:44","modified_gmt":"2025-07-03T03:02:44","slug":"rexroth-r901478050-h-4weh10d4x-6bw120rnvp1etz2-b10d3","status":"publish","type":"product","link":"https:\/\/hlautec.com\/pt\/produto\/rexroth-r901478050-h-4weh10d4x-6bw120rnvp1etz2-b10d3\/","title":{"rendered":"Rexroth R901478050 H-4WEH10D4X\/6BW120RNVP1ETZ2\/B10D3"},"content":{"rendered":"<p class=\"c-font-bold c-margin-b-5\">Especifica\u00e7\u00f5es<\/p>\n<p>&nbsp;<\/p>\n<ul>\n<li>Tamanho 10 ... 32<\/li>\n<li>S\u00e9rie de componentes 4X, 7X, 6X<\/li>\n<li>Press\u00e3o m\u00e1xima de funcionamento 350 bar<\/li>\n<li>Caudal m\u00e1ximo 1100 l\/min<\/li>\n<li>Area of application according to<br \/>\n\u2013\u00a0NEC500 and CEC Appendix\u00a0J: Class\u00a0I, Division\u00a01, Groups\u00a0B, C, D\u00a0T4<br \/>\n\u2013\u00a0NEC502 and CEC Section\u00a018: Class\u00a0II\/III, Division\u00a01, Groups\u00a0E, F, G\u00a0T4<\/li>\n<li>Tipo de prote\u00e7\u00e3o da v\u00e1lvula solenoide: XP (\u00e0 prova de explos\u00e3o); DIP (prote\u00e7\u00e3o contra igni\u00e7\u00e3o de poeiras)<\/li>\n<\/ul>\n<p>&nbsp;<\/p>\n<div id=\"product-tab-specification\" class=\"no-padding\">\n<div class=\"row\">\n<div class=\"col-md-6\">\n<table class=\"table table-striped table-condensed\">\n<tbody>\n<tr>\n<th>H (H)<\/th>\n<td data-title=\"H\">At\u00e9 350 bar<\/td>\n<\/tr>\n<tr>\n<th>Vers\u00e3o (4)<\/th>\n<td data-title=\"Version\">Vers\u00e3o de 4 vias<\/td>\n<\/tr>\n<tr>\n<th>S\u00e9rie (WEH)<\/th>\n<td data-title=\"Series\">Electro-hidr\u00e1ulica<\/td>\n<\/tr>\n<tr>\n<th>Tamanho (10)<\/th>\n<td data-title=\"Size\">NG10<\/td>\n<\/tr>\n<tr>\n<th>Controlo do retorno do spool no valor principal<\/th>\n<td data-title=\"Control spool return in the main value\">Por meio de molas<\/td>\n<\/tr>\n<tr>\n<th>S\u00edmbolos (D)<\/th>\n<td data-title=\"Symbols\">D<\/td>\n<\/tr>\n<tr>\n<th>S\u00e9rie de componentes (4X)<\/th>\n<td data-title=\"Component Series\">7 S\u00e9rie de componentes 40 ... 49 (40 ... 49: dimens\u00e3o de instala\u00e7\u00e3o e liga\u00e7\u00e3o inalterada) - NG10<\/td>\n<\/tr>\n<tr>\n<th>Retorno da bobina de controlo na v\u00e1lvula de controlo piloto<\/th>\n<td data-title=\"Control spool return in the pilot control valve\">Com retorno por mola<\/td>\n<\/tr>\n<tr>\n<th>V\u00e1lvula de controlo do piloto (6B)<\/th>\n<td data-title=\"Pilot control valve\">Valor de alta pot\u00eancia (folha de dados 23718)<\/td>\n<\/tr>\n<tr>\n<th>Tens\u00f5es el\u00e9ctricas (W120R)<\/th>\n<td data-title=\"Electrical voltages\">Tens\u00e3o alternada 120 V<\/td>\n<\/tr>\n<tr>\n<th>Comando manual (N)<\/th>\n<td data-title=\"Manual override\">Com acionamento manual<\/td>\n<\/tr>\n<\/tbody>\n<\/table>\n<\/div>\n<div class=\"col-md-6\">\n<table class=\"table table-striped table-condensed\">\n<tbody>\n<tr>\n<th>Resist\u00eancia \u00e0 corros\u00e3o<\/th>\n<td data-title=\"Corrosion resistance\">Nenhum (caixa da v\u00e1lvula escorvada)<\/td>\n<\/tr>\n<tr>\n<th>Caudal de \u00f3leo piloto<\/th>\n<td data-title=\"Pilot oil flow\">Alimenta\u00e7\u00e3o externa de \u00f3leo piloto, retorno externo de \u00f3leo piloto<\/td>\n<\/tr>\n<tr>\n<th>Ajuste do tempo de comuta\u00e7\u00e3o<\/th>\n<td data-title=\"Switching time adjustment\">Sem ajuste do tempo de comuta\u00e7\u00e3o<\/td>\n<\/tr>\n<tr>\n<th>Liga\u00e7\u00e3o el\u00e9ctrica<\/th>\n<td data-title=\"Electrical connection\">Liga\u00e7\u00e3o individual<\/td>\n<\/tr>\n<tr>\n<th>Controlo da posi\u00e7\u00e3o da bobina<\/th>\n<td data-title=\"Spool position monitoring\">Sem interrutor de posi\u00e7\u00e3o<\/td>\n<\/tr>\n<tr>\n<th>Defini\u00e7\u00e3o do curso<\/th>\n<td data-title=\"Stroke setting\">Liga\u00e7\u00e3o individual<\/td>\n<\/tr>\n<tr>\n<th>Inser\u00e7\u00e3o do acelerador<\/th>\n<td data-title=\"Throttle insert\">Sem dispositivo de acelera\u00e7\u00e3o (standard)<\/td>\n<\/tr>\n<tr>\n<th>V\u00e1lvula de pr\u00e9-carga<\/th>\n<td data-title=\"Preload valve\">Sem v\u00e1lvula de pr\u00e9-carga<\/td>\n<\/tr>\n<tr>\n<th>V\u00e1lvula redutora de press\u00e3o<\/th>\n<td data-title=\"Pressure reducing valve\">Sem v\u00e1lvula redutora de press\u00e3o<\/td>\n<\/tr>\n<tr>\n<th>Material da veda\u00e7\u00e3o (V)<\/th>\n<td data-title=\"Seal Material\">Vedantes FKM<\/td>\n<\/tr>\n<\/tbody>\n<\/table>\n<\/div>\n<\/div>\n<\/div>","protected":false},"excerpt":{"rendered":"<p>Specifications &nbsp; Size\u00a010\u00a0\u2026\u00a032 Component series\u00a04X, 7X, 6X Maximum operating pressure\u00a0350\u00a0bar Maximum flow\u00a01100\u00a0l\/min Area of application according to \u2013\u00a0NEC500 and CEC Appendix\u00a0J: Class\u00a0I, Division\u00a01, Groups\u00a0B, C, D\u00a0T4 \u2013\u00a0NEC502 and CEC Section\u00a018: Class\u00a0II\/III, Division\u00a01, Groups\u00a0E, F, G\u00a0T4 Type of protection valve solenoid: XP (explosion-proof); DIP (dust ignition protection) &nbsp; H (H) Up to 350 bar Version (4) [&hellip;]<\/p>","protected":false},"featured_media":1150,"comment_status":"open","ping_status":"closed","template":"","meta":{"_acf_changed":false},"brand_category":[130,156],"product_brand":[70,85],"product_cat":[24],"product_tag":[],"class_list":{"0":"post-1149","1":"product","2":"type-product","3":"status-publish","4":"has-post-thumbnail","6":"brand_category-hydraulic-brand","7":"brand_category-rexroth","8":"product_brand-hydraulic-brand","9":"product_brand-rexroth","10":"product_cat-hydraulic-components","12":"first","13":"instock","14":"shipping-taxable","15":"product-type-simple"},"acf":[],"yoast_head":"<!-- This site is optimized with the Yoast SEO plugin v27.4 - https:\/\/yoast.com\/product\/yoast-seo-wordpress\/ -->\n<title>Rexroth R901478050 H-4WEH10D4X\/6BW120RNVP1ETZ2\/B10D3 - hlautec.com<\/title>\n<meta name=\"robots\" content=\"index, follow, max-snippet:-1, max-image-preview:large, max-video-preview:-1\" \/>\n<link rel=\"canonical\" href=\"https:\/\/hlautec.com\/pt\/produto\/rexroth-r901478050-h-4weh10d4x-6bw120rnvp1etz2-b10d3\/\" \/>\n<meta property=\"og:locale\" content=\"pt_PT\" \/>\n<meta property=\"og:type\" content=\"article\" \/>\n<meta property=\"og:title\" content=\"Rexroth R901478050 H-4WEH10D4X\/6BW120RNVP1ETZ2\/B10D3 - hlautec.com\" \/>\n<meta property=\"og:description\" content=\"Specifications &nbsp; Size\u00a010\u00a0\u2026\u00a032 Component series\u00a04X, 7X, 6X Maximum operating pressure\u00a0350\u00a0bar Maximum flow\u00a01100\u00a0l\/min Area of application according to \u2013\u00a0NEC500 and CEC Appendix\u00a0J: Class\u00a0I, Division\u00a01, Groups\u00a0B, C, D\u00a0T4 \u2013\u00a0NEC502 and CEC Section\u00a018: Class\u00a0II\/III, Division\u00a01, Groups\u00a0E, F, G\u00a0T4 Type of protection valve solenoid: XP (explosion-proof); DIP (dust ignition protection) &nbsp; H (H) Up to 350 bar Version (4) [&hellip;]\" \/>\n<meta property=\"og:url\" content=\"https:\/\/hlautec.com\/pt\/produto\/rexroth-r901478050-h-4weh10d4x-6bw120rnvp1etz2-b10d3\/\" \/>\n<meta property=\"og:site_name\" content=\"hlautec.com\" \/>\n<meta property=\"article:modified_time\" content=\"2025-07-03T03:02:44+00:00\" \/>\n<meta property=\"og:image\" content=\"https:\/\/hlautec.com\/wp-content\/uploads\/2025\/06\/9.png\" \/>\n\t<meta property=\"og:image:width\" content=\"734\" \/>\n\t<meta property=\"og:image:height\" content=\"734\" \/>\n\t<meta property=\"og:image:type\" content=\"image\/png\" \/>\n<meta name=\"twitter:card\" content=\"summary_large_image\" \/>\n<meta name=\"twitter:label1\" content=\"Tempo estimado de leitura\" \/>\n\t<meta name=\"twitter:data1\" content=\"1 minuto\" \/>\n<script type=\"application\/ld+json\" class=\"yoast-schema-graph\">{\"@context\":\"https:\\\/\\\/schema.org\",\"@graph\":[{\"@type\":\"WebPage\",\"@id\":\"https:\\\/\\\/hlautec.com\\\/product\\\/rexroth-r901478050-h-4weh10d4x-6bw120rnvp1etz2-b10d3\\\/\",\"url\":\"https:\\\/\\\/hlautec.com\\\/product\\\/rexroth-r901478050-h-4weh10d4x-6bw120rnvp1etz2-b10d3\\\/\",\"name\":\"Rexroth R901478050 H-4WEH10D4X\\\/6BW120RNVP1ETZ2\\\/B10D3 - hlautec.com\",\"isPartOf\":{\"@id\":\"https:\\\/\\\/hlautec.com\\\/#website\"},\"primaryImageOfPage\":{\"@id\":\"https:\\\/\\\/hlautec.com\\\/product\\\/rexroth-r901478050-h-4weh10d4x-6bw120rnvp1etz2-b10d3\\\/#primaryimage\"},\"image\":{\"@id\":\"https:\\\/\\\/hlautec.com\\\/product\\\/rexroth-r901478050-h-4weh10d4x-6bw120rnvp1etz2-b10d3\\\/#primaryimage\"},\"thumbnailUrl\":\"https:\\\/\\\/hlautec.com\\\/wp-content\\\/uploads\\\/2025\\\/06\\\/9.png\",\"datePublished\":\"2025-06-24T09:17:16+00:00\",\"dateModified\":\"2025-07-03T03:02:44+00:00\",\"breadcrumb\":{\"@id\":\"https:\\\/\\\/hlautec.com\\\/product\\\/rexroth-r901478050-h-4weh10d4x-6bw120rnvp1etz2-b10d3\\\/#breadcrumb\"},\"inLanguage\":\"pt-PT\",\"potentialAction\":[{\"@type\":\"ReadAction\",\"target\":[\"https:\\\/\\\/hlautec.com\\\/product\\\/rexroth-r901478050-h-4weh10d4x-6bw120rnvp1etz2-b10d3\\\/\"]}]},{\"@type\":\"ImageObject\",\"inLanguage\":\"pt-PT\",\"@id\":\"https:\\\/\\\/hlautec.com\\\/product\\\/rexroth-r901478050-h-4weh10d4x-6bw120rnvp1etz2-b10d3\\\/#primaryimage\",\"url\":\"https:\\\/\\\/hlautec.com\\\/wp-content\\\/uploads\\\/2025\\\/06\\\/9.png\",\"contentUrl\":\"https:\\\/\\\/hlautec.com\\\/wp-content\\\/uploads\\\/2025\\\/06\\\/9.png\",\"width\":734,\"height\":734},{\"@type\":\"BreadcrumbList\",\"@id\":\"https:\\\/\\\/hlautec.com\\\/product\\\/rexroth-r901478050-h-4weh10d4x-6bw120rnvp1etz2-b10d3\\\/#breadcrumb\",\"itemListElement\":[{\"@type\":\"ListItem\",\"position\":1,\"name\":\"Home\",\"item\":\"https:\\\/\\\/hlautec.com\\\/\"},{\"@type\":\"ListItem\",\"position\":2,\"name\":\"Shop\",\"item\":\"https:\\\/\\\/hlautec.com\\\/shop\\\/\"},{\"@type\":\"ListItem\",\"position\":3,\"name\":\"Rexroth R901478050 H-4WEH10D4X\\\/6BW120RNVP1ETZ2\\\/B10D3\"}]},{\"@type\":\"WebSite\",\"@id\":\"https:\\\/\\\/hlautec.com\\\/#website\",\"url\":\"https:\\\/\\\/hlautec.com\\\/\",\"name\":\"hlautec.com\",\"description\":\"\",\"publisher\":{\"@id\":\"https:\\\/\\\/hlautec.com\\\/#organization\"},\"potentialAction\":[{\"@type\":\"SearchAction\",\"target\":{\"@type\":\"EntryPoint\",\"urlTemplate\":\"https:\\\/\\\/hlautec.com\\\/?s={search_term_string}\"},\"query-input\":{\"@type\":\"PropertyValueSpecification\",\"valueRequired\":true,\"valueName\":\"search_term_string\"}}],\"inLanguage\":\"pt-PT\"},{\"@type\":\"Organization\",\"@id\":\"https:\\\/\\\/hlautec.com\\\/#organization\",\"name\":\"hlautec.com\",\"url\":\"https:\\\/\\\/hlautec.com\\\/\",\"logo\":{\"@type\":\"ImageObject\",\"inLanguage\":\"pt-PT\",\"@id\":\"https:\\\/\\\/hlautec.com\\\/#\\\/schema\\\/logo\\\/image\\\/\",\"url\":\"https:\\\/\\\/hlautec.com\\\/wp-content\\\/uploads\\\/2025\\\/06\\\/\u5fae\u4fe1\u56fe\u7247_20250604093745-scaled.jpg\",\"contentUrl\":\"https:\\\/\\\/hlautec.com\\\/wp-content\\\/uploads\\\/2025\\\/06\\\/\u5fae\u4fe1\u56fe\u7247_20250604093745-scaled.jpg\",\"width\":2560,\"height\":1764,\"caption\":\"hlautec.com\"},\"image\":{\"@id\":\"https:\\\/\\\/hlautec.com\\\/#\\\/schema\\\/logo\\\/image\\\/\"}}]}<\/script>\n<!-- \/ Yoast SEO plugin. -->","yoast_head_json":{"title":"Rexroth R901478050 H-4WEH10D4X\/6BW120RNVP1ETZ2\/B10D3 - hlautec.com","robots":{"index":"index","follow":"follow","max-snippet":"max-snippet:-1","max-image-preview":"max-image-preview:large","max-video-preview":"max-video-preview:-1"},"canonical":"https:\/\/hlautec.com\/pt\/produto\/rexroth-r901478050-h-4weh10d4x-6bw120rnvp1etz2-b10d3\/","og_locale":"pt_PT","og_type":"article","og_title":"Rexroth R901478050 H-4WEH10D4X\/6BW120RNVP1ETZ2\/B10D3 - hlautec.com","og_description":"Specifications &nbsp; Size\u00a010\u00a0\u2026\u00a032 Component series\u00a04X, 7X, 6X Maximum operating pressure\u00a0350\u00a0bar Maximum flow\u00a01100\u00a0l\/min Area of application according to \u2013\u00a0NEC500 and CEC Appendix\u00a0J: Class\u00a0I, Division\u00a01, Groups\u00a0B, C, D\u00a0T4 \u2013\u00a0NEC502 and CEC Section\u00a018: Class\u00a0II\/III, Division\u00a01, Groups\u00a0E, F, G\u00a0T4 Type of protection valve solenoid: XP (explosion-proof); DIP (dust ignition protection) &nbsp; H (H) Up to 350 bar Version (4) [&hellip;]","og_url":"https:\/\/hlautec.com\/pt\/produto\/rexroth-r901478050-h-4weh10d4x-6bw120rnvp1etz2-b10d3\/","og_site_name":"hlautec.com","article_modified_time":"2025-07-03T03:02:44+00:00","og_image":[{"width":734,"height":734,"url":"https:\/\/hlautec.com\/wp-content\/uploads\/2025\/06\/9.png","type":"image\/png"}],"twitter_card":"summary_large_image","twitter_misc":{"Tempo estimado de leitura":"1 minuto"},"schema":{"@context":"https:\/\/schema.org","@graph":[{"@type":"WebPage","@id":"https:\/\/hlautec.com\/product\/rexroth-r901478050-h-4weh10d4x-6bw120rnvp1etz2-b10d3\/","url":"https:\/\/hlautec.com\/product\/rexroth-r901478050-h-4weh10d4x-6bw120rnvp1etz2-b10d3\/","name":"Rexroth R901478050 H-4WEH10D4X\/6BW120RNVP1ETZ2\/B10D3 - hlautec.com","isPartOf":{"@id":"https:\/\/hlautec.com\/#website"},"primaryImageOfPage":{"@id":"https:\/\/hlautec.com\/product\/rexroth-r901478050-h-4weh10d4x-6bw120rnvp1etz2-b10d3\/#primaryimage"},"image":{"@id":"https:\/\/hlautec.com\/product\/rexroth-r901478050-h-4weh10d4x-6bw120rnvp1etz2-b10d3\/#primaryimage"},"thumbnailUrl":"https:\/\/hlautec.com\/wp-content\/uploads\/2025\/06\/9.png","datePublished":"2025-06-24T09:17:16+00:00","dateModified":"2025-07-03T03:02:44+00:00","breadcrumb":{"@id":"https:\/\/hlautec.com\/product\/rexroth-r901478050-h-4weh10d4x-6bw120rnvp1etz2-b10d3\/#breadcrumb"},"inLanguage":"pt-PT","potentialAction":[{"@type":"ReadAction","target":["https:\/\/hlautec.com\/product\/rexroth-r901478050-h-4weh10d4x-6bw120rnvp1etz2-b10d3\/"]}]},{"@type":"ImageObject","inLanguage":"pt-PT","@id":"https:\/\/hlautec.com\/product\/rexroth-r901478050-h-4weh10d4x-6bw120rnvp1etz2-b10d3\/#primaryimage","url":"https:\/\/hlautec.com\/wp-content\/uploads\/2025\/06\/9.png","contentUrl":"https:\/\/hlautec.com\/wp-content\/uploads\/2025\/06\/9.png","width":734,"height":734},{"@type":"BreadcrumbList","@id":"https:\/\/hlautec.com\/product\/rexroth-r901478050-h-4weh10d4x-6bw120rnvp1etz2-b10d3\/#breadcrumb","itemListElement":[{"@type":"ListItem","position":1,"name":"Home","item":"https:\/\/hlautec.com\/"},{"@type":"ListItem","position":2,"name":"Shop","item":"https:\/\/hlautec.com\/shop\/"},{"@type":"ListItem","position":3,"name":"Rexroth R901478050 H-4WEH10D4X\/6BW120RNVP1ETZ2\/B10D3"}]},{"@type":"WebSite","@id":"https:\/\/hlautec.com\/#website","url":"https:\/\/hlautec.com\/","name":"hlautec.com","description":"","publisher":{"@id":"https:\/\/hlautec.com\/#organization"},"potentialAction":[{"@type":"SearchAction","target":{"@type":"EntryPoint","urlTemplate":"https:\/\/hlautec.com\/?s={search_term_string}"},"query-input":{"@type":"PropertyValueSpecification","valueRequired":true,"valueName":"search_term_string"}}],"inLanguage":"pt-PT"},{"@type":"Organization","@id":"https:\/\/hlautec.com\/#organization","name":"hlautec.com","url":"https:\/\/hlautec.com\/","logo":{"@type":"ImageObject","inLanguage":"pt-PT","@id":"https:\/\/hlautec.com\/#\/schema\/logo\/image\/","url":"https:\/\/hlautec.com\/wp-content\/uploads\/2025\/06\/\u5fae\u4fe1\u56fe\u7247_20250604093745-scaled.jpg","contentUrl":"https:\/\/hlautec.com\/wp-content\/uploads\/2025\/06\/\u5fae\u4fe1\u56fe\u7247_20250604093745-scaled.jpg","width":2560,"height":1764,"caption":"hlautec.com"},"image":{"@id":"https:\/\/hlautec.com\/#\/schema\/logo\/image\/"}}]}},"jetpack_sharing_enabled":true,"_links":{"self":[{"href":"https:\/\/hlautec.com\/pt\/wp-json\/wp\/v2\/product\/1149","targetHints":{"allow":["GET"]}}],"collection":[{"href":"https:\/\/hlautec.com\/pt\/wp-json\/wp\/v2\/product"}],"about":[{"href":"https:\/\/hlautec.com\/pt\/wp-json\/wp\/v2\/types\/product"}],"replies":[{"embeddable":true,"href":"https:\/\/hlautec.com\/pt\/wp-json\/wp\/v2\/comments?post=1149"}],"wp:featuredmedia":[{"embeddable":true,"href":"https:\/\/hlautec.com\/pt\/wp-json\/wp\/v2\/media\/1150"}],"wp:attachment":[{"href":"https:\/\/hlautec.com\/pt\/wp-json\/wp\/v2\/media?parent=1149"}],"wp:term":[{"taxonomy":"brand_category","embeddable":true,"href":"https:\/\/hlautec.com\/pt\/wp-json\/wp\/v2\/brand_category?post=1149"},{"taxonomy":"product_brand","embeddable":true,"href":"https:\/\/hlautec.com\/pt\/wp-json\/wp\/v2\/product_brand?post=1149"},{"taxonomy":"product_cat","embeddable":true,"href":"https:\/\/hlautec.com\/pt\/wp-json\/wp\/v2\/product_cat?post=1149"},{"taxonomy":"product_tag","embeddable":true,"href":"https:\/\/hlautec.com\/pt\/wp-json\/wp\/v2\/product_tag?post=1149"}],"curies":[{"name":"wp","href":"https:\/\/api.w.org\/{rel}","templated":true}]}}