{"id":1420,"date":"2025-06-29T10:28:10","date_gmt":"2025-06-29T10:28:10","guid":{"rendered":"https:\/\/hlautec.com\/?post_type=product&#038;p=1420"},"modified":"2025-07-03T02:39:55","modified_gmt":"2025-07-03T02:39:55","slug":"sai-gm-series","status":"publish","type":"product","link":"https:\/\/hlautec.com\/fr\/produit\/sai-gm-series\/","title":{"rendered":"S\u00e9rie Sai GM"},"content":{"rendered":"<p>GM series hydraulic motor is a new type of product of our company, which based on years practical experience and designed and improved the original products on the basis of Italian technologies.<\/p>\n<p>GM hydraulic motor mainly has the following characteristics:<\/p>\n<ol>\n<li>Comme le piston et le cylindre basculant n'ont pas de force lat\u00e9rale, le fond du piston est con\u00e7u pour \u00e9quilibrer la pression statique. La force de torsion est transf\u00e9r\u00e9e entre le piston et le vilebrequin par l'interm\u00e9diaire d'un roulement, de sorte que la perte de friction pendant le processus de transfert de la force est r\u00e9duite. Par cons\u00e9quent, le moteur hydraulique de la s\u00e9rie GM pr\u00e9sente des caract\u00e9ristiques telles que : un rendement m\u00e9canique tr\u00e8s \u00e9lev\u00e9 et un couple de d\u00e9marrage relativement \u00e9lev\u00e9 (rendement m\u00e9canique de plus de 0,92 au d\u00e9marrage).<\/li>\n<li>Le distributeur plan (technologie brevet\u00e9e) est simple et fiable, avec une \u00e9tanch\u00e9it\u00e9 parfaite et pratiquement aucune fuite. Le segment de piston en plastique est utilis\u00e9 pour assurer l'\u00e9tanch\u00e9it\u00e9 entre le piston et le cylindre de basculement, ce qui lui conf\u00e8re une efficacit\u00e9 volum\u00e9trique tr\u00e8s \u00e9lev\u00e9e (pouvant atteindre 0,98).<\/li>\n<li>La structure de ce produit a permis de r\u00e9duire la perte de friction et d'am\u00e9liorer les performances de l'\u00e9tanch\u00e9it\u00e9, ce qui lui conf\u00e8re une stabilit\u00e9 parfaite \u00e0 faible vitesse. Il peut fonctionner de mani\u00e8re stable \u00e0 1 r\/min et dispose d'une grande plage de r\u00e9gulation de la vitesse.<\/li>\n<li>Comme le piston est \u00e9troitement li\u00e9 au coussinet sans aucun jeu, cette s\u00e9rie de moteurs hydrauliques peut fonctionner dans les conditions de travail de la pompe.<\/li>\n<li>Cette s\u00e9rie de moteurs hydrauliques se caract\u00e9rise par une pression \u00e9lev\u00e9e, un poids l\u00e9ger, un faible encombrement et une puissance sp\u00e9cifique \u00e9lev\u00e9e.<\/li>\n<li>Comme cette s\u00e9rie de moteurs hydrauliques a une structure simple, une conception raisonnable et adopte des roulements avec une grande capacit\u00e9 de charge, elle peut fonctionner de mani\u00e8re fiable et a une longue dur\u00e9e de vie et un faible niveau de bruit ; l'arbre de transmission peut supporter une charge radiale et le sens de rotation est r\u00e9versible.<\/li>\n<\/ol>\n<p>Type : GM05, GM1, GM2, GM3, GM4, GM5, GM6, GM7<\/p>\n<hr \/>\n<p>\u9700\u8981\u8fdb\u4e00\u6b65\u5e2e\u52a9\u5417\uff1f<\/p>","protected":false},"excerpt":{"rendered":"<p>GM series hydraulic motor is a new type of product of our company, which based on years practical experience and designed and improved the original products on the basis of Italian technologies. GM hydraulic motor mainly has the following characteristics: As the piston and the tilt cylinder have no side force, the piston bottom is [&hellip;]<\/p>","protected":false},"featured_media":1421,"comment_status":"open","ping_status":"closed","template":"","meta":{"_acf_changed":false},"brand_category":[130,157],"product_brand":[70,100],"product_cat":[24],"product_tag":[],"class_list":{"0":"post-1420","1":"product","2":"type-product","3":"status-publish","4":"has-post-thumbnail","6":"brand_category-hydraulic-brand","7":"brand_category-sai","8":"product_brand-hydraulic-brand","9":"product_brand-sai","10":"product_cat-hydraulic-components","12":"first","13":"instock","14":"shipping-taxable","15":"product-type-simple"},"acf":[],"yoast_head":"<!-- This site is optimized with the Yoast SEO plugin v27.4 - https:\/\/yoast.com\/product\/yoast-seo-wordpress\/ -->\n<title>Sai GM series - hlautec.com<\/title>\n<meta name=\"robots\" content=\"index, follow, max-snippet:-1, max-image-preview:large, max-video-preview:-1\" \/>\n<link rel=\"canonical\" href=\"https:\/\/hlautec.com\/fr\/produit\/sai-gm-series\/\" \/>\n<meta property=\"og:locale\" content=\"fr_FR\" \/>\n<meta property=\"og:type\" content=\"article\" \/>\n<meta property=\"og:title\" content=\"Sai GM series - hlautec.com\" \/>\n<meta property=\"og:description\" content=\"GM series hydraulic motor is a new type of product of our company, which based on years practical experience and designed and improved the original products on the basis of Italian technologies. GM hydraulic motor mainly has the following characteristics: As the piston and the tilt cylinder have no side force, the piston bottom is [&hellip;]\" \/>\n<meta property=\"og:url\" content=\"https:\/\/hlautec.com\/fr\/produit\/sai-gm-series\/\" \/>\n<meta property=\"og:site_name\" content=\"hlautec.com\" \/>\n<meta property=\"article:modified_time\" content=\"2025-07-03T02:39:55+00:00\" \/>\n<meta property=\"og:image\" content=\"https:\/\/hlautec.com\/wp-content\/uploads\/2025\/06\/1-20.jpg\" \/>\n\t<meta property=\"og:image:width\" content=\"867\" \/>\n\t<meta property=\"og:image:height\" content=\"867\" \/>\n\t<meta property=\"og:image:type\" content=\"image\/jpeg\" \/>\n<meta name=\"twitter:card\" content=\"summary_large_image\" \/>\n<meta name=\"twitter:label1\" content=\"Dur\u00e9e de lecture estim\u00e9e\" \/>\n\t<meta name=\"twitter:data1\" content=\"2 minutes\" \/>\n<script type=\"application\/ld+json\" class=\"yoast-schema-graph\">{\"@context\":\"https:\\\/\\\/schema.org\",\"@graph\":[{\"@type\":\"WebPage\",\"@id\":\"https:\\\/\\\/hlautec.com\\\/product\\\/sai-gm-series\\\/\",\"url\":\"https:\\\/\\\/hlautec.com\\\/product\\\/sai-gm-series\\\/\",\"name\":\"Sai GM series - hlautec.com\",\"isPartOf\":{\"@id\":\"https:\\\/\\\/hlautec.com\\\/#website\"},\"primaryImageOfPage\":{\"@id\":\"https:\\\/\\\/hlautec.com\\\/product\\\/sai-gm-series\\\/#primaryimage\"},\"image\":{\"@id\":\"https:\\\/\\\/hlautec.com\\\/product\\\/sai-gm-series\\\/#primaryimage\"},\"thumbnailUrl\":\"https:\\\/\\\/hlautec.com\\\/wp-content\\\/uploads\\\/2025\\\/06\\\/1-20.jpg\",\"datePublished\":\"2025-06-29T10:28:10+00:00\",\"dateModified\":\"2025-07-03T02:39:55+00:00\",\"breadcrumb\":{\"@id\":\"https:\\\/\\\/hlautec.com\\\/product\\\/sai-gm-series\\\/#breadcrumb\"},\"inLanguage\":\"fr-FR\",\"potentialAction\":[{\"@type\":\"ReadAction\",\"target\":[\"https:\\\/\\\/hlautec.com\\\/product\\\/sai-gm-series\\\/\"]}]},{\"@type\":\"ImageObject\",\"inLanguage\":\"fr-FR\",\"@id\":\"https:\\\/\\\/hlautec.com\\\/product\\\/sai-gm-series\\\/#primaryimage\",\"url\":\"https:\\\/\\\/hlautec.com\\\/wp-content\\\/uploads\\\/2025\\\/06\\\/1-20.jpg\",\"contentUrl\":\"https:\\\/\\\/hlautec.com\\\/wp-content\\\/uploads\\\/2025\\\/06\\\/1-20.jpg\",\"width\":867,\"height\":867},{\"@type\":\"BreadcrumbList\",\"@id\":\"https:\\\/\\\/hlautec.com\\\/product\\\/sai-gm-series\\\/#breadcrumb\",\"itemListElement\":[{\"@type\":\"ListItem\",\"position\":1,\"name\":\"Home\",\"item\":\"https:\\\/\\\/hlautec.com\\\/\"},{\"@type\":\"ListItem\",\"position\":2,\"name\":\"Shop\",\"item\":\"https:\\\/\\\/hlautec.com\\\/shop\\\/\"},{\"@type\":\"ListItem\",\"position\":3,\"name\":\"Sai GM series\"}]},{\"@type\":\"WebSite\",\"@id\":\"https:\\\/\\\/hlautec.com\\\/#website\",\"url\":\"https:\\\/\\\/hlautec.com\\\/\",\"name\":\"hlautec.com\",\"description\":\"\",\"publisher\":{\"@id\":\"https:\\\/\\\/hlautec.com\\\/#organization\"},\"potentialAction\":[{\"@type\":\"SearchAction\",\"target\":{\"@type\":\"EntryPoint\",\"urlTemplate\":\"https:\\\/\\\/hlautec.com\\\/?s={search_term_string}\"},\"query-input\":{\"@type\":\"PropertyValueSpecification\",\"valueRequired\":true,\"valueName\":\"search_term_string\"}}],\"inLanguage\":\"fr-FR\"},{\"@type\":\"Organization\",\"@id\":\"https:\\\/\\\/hlautec.com\\\/#organization\",\"name\":\"hlautec.com\",\"url\":\"https:\\\/\\\/hlautec.com\\\/\",\"logo\":{\"@type\":\"ImageObject\",\"inLanguage\":\"fr-FR\",\"@id\":\"https:\\\/\\\/hlautec.com\\\/#\\\/schema\\\/logo\\\/image\\\/\",\"url\":\"https:\\\/\\\/hlautec.com\\\/wp-content\\\/uploads\\\/2025\\\/06\\\/\u5fae\u4fe1\u56fe\u7247_20250604093745-scaled.jpg\",\"contentUrl\":\"https:\\\/\\\/hlautec.com\\\/wp-content\\\/uploads\\\/2025\\\/06\\\/\u5fae\u4fe1\u56fe\u7247_20250604093745-scaled.jpg\",\"width\":2560,\"height\":1764,\"caption\":\"hlautec.com\"},\"image\":{\"@id\":\"https:\\\/\\\/hlautec.com\\\/#\\\/schema\\\/logo\\\/image\\\/\"}}]}<\/script>\n<!-- \/ Yoast SEO plugin. -->","yoast_head_json":{"title":"Sai GM series - hlautec.com","robots":{"index":"index","follow":"follow","max-snippet":"max-snippet:-1","max-image-preview":"max-image-preview:large","max-video-preview":"max-video-preview:-1"},"canonical":"https:\/\/hlautec.com\/fr\/produit\/sai-gm-series\/","og_locale":"fr_FR","og_type":"article","og_title":"Sai GM series - hlautec.com","og_description":"GM series hydraulic motor is a new type of product of our company, which based on years practical experience and designed and improved the original products on the basis of Italian technologies. GM hydraulic motor mainly has the following characteristics: As the piston and the tilt cylinder have no side force, the piston bottom is [&hellip;]","og_url":"https:\/\/hlautec.com\/fr\/produit\/sai-gm-series\/","og_site_name":"hlautec.com","article_modified_time":"2025-07-03T02:39:55+00:00","og_image":[{"width":867,"height":867,"url":"https:\/\/hlautec.com\/wp-content\/uploads\/2025\/06\/1-20.jpg","type":"image\/jpeg"}],"twitter_card":"summary_large_image","twitter_misc":{"Dur\u00e9e de lecture estim\u00e9e":"2 minutes"},"schema":{"@context":"https:\/\/schema.org","@graph":[{"@type":"WebPage","@id":"https:\/\/hlautec.com\/product\/sai-gm-series\/","url":"https:\/\/hlautec.com\/product\/sai-gm-series\/","name":"Sai GM series - hlautec.com","isPartOf":{"@id":"https:\/\/hlautec.com\/#website"},"primaryImageOfPage":{"@id":"https:\/\/hlautec.com\/product\/sai-gm-series\/#primaryimage"},"image":{"@id":"https:\/\/hlautec.com\/product\/sai-gm-series\/#primaryimage"},"thumbnailUrl":"https:\/\/hlautec.com\/wp-content\/uploads\/2025\/06\/1-20.jpg","datePublished":"2025-06-29T10:28:10+00:00","dateModified":"2025-07-03T02:39:55+00:00","breadcrumb":{"@id":"https:\/\/hlautec.com\/product\/sai-gm-series\/#breadcrumb"},"inLanguage":"fr-FR","potentialAction":[{"@type":"ReadAction","target":["https:\/\/hlautec.com\/product\/sai-gm-series\/"]}]},{"@type":"ImageObject","inLanguage":"fr-FR","@id":"https:\/\/hlautec.com\/product\/sai-gm-series\/#primaryimage","url":"https:\/\/hlautec.com\/wp-content\/uploads\/2025\/06\/1-20.jpg","contentUrl":"https:\/\/hlautec.com\/wp-content\/uploads\/2025\/06\/1-20.jpg","width":867,"height":867},{"@type":"BreadcrumbList","@id":"https:\/\/hlautec.com\/product\/sai-gm-series\/#breadcrumb","itemListElement":[{"@type":"ListItem","position":1,"name":"Home","item":"https:\/\/hlautec.com\/"},{"@type":"ListItem","position":2,"name":"Shop","item":"https:\/\/hlautec.com\/shop\/"},{"@type":"ListItem","position":3,"name":"Sai GM series"}]},{"@type":"WebSite","@id":"https:\/\/hlautec.com\/#website","url":"https:\/\/hlautec.com\/","name":"hlautec.com","description":"","publisher":{"@id":"https:\/\/hlautec.com\/#organization"},"potentialAction":[{"@type":"SearchAction","target":{"@type":"EntryPoint","urlTemplate":"https:\/\/hlautec.com\/?s={search_term_string}"},"query-input":{"@type":"PropertyValueSpecification","valueRequired":true,"valueName":"search_term_string"}}],"inLanguage":"fr-FR"},{"@type":"Organization","@id":"https:\/\/hlautec.com\/#organization","name":"hlautec.com","url":"https:\/\/hlautec.com\/","logo":{"@type":"ImageObject","inLanguage":"fr-FR","@id":"https:\/\/hlautec.com\/#\/schema\/logo\/image\/","url":"https:\/\/hlautec.com\/wp-content\/uploads\/2025\/06\/\u5fae\u4fe1\u56fe\u7247_20250604093745-scaled.jpg","contentUrl":"https:\/\/hlautec.com\/wp-content\/uploads\/2025\/06\/\u5fae\u4fe1\u56fe\u7247_20250604093745-scaled.jpg","width":2560,"height":1764,"caption":"hlautec.com"},"image":{"@id":"https:\/\/hlautec.com\/#\/schema\/logo\/image\/"}}]}},"jetpack_sharing_enabled":true,"_links":{"self":[{"href":"https:\/\/hlautec.com\/fr\/wp-json\/wp\/v2\/product\/1420","targetHints":{"allow":["GET"]}}],"collection":[{"href":"https:\/\/hlautec.com\/fr\/wp-json\/wp\/v2\/product"}],"about":[{"href":"https:\/\/hlautec.com\/fr\/wp-json\/wp\/v2\/types\/product"}],"replies":[{"embeddable":true,"href":"https:\/\/hlautec.com\/fr\/wp-json\/wp\/v2\/comments?post=1420"}],"wp:featuredmedia":[{"embeddable":true,"href":"https:\/\/hlautec.com\/fr\/wp-json\/wp\/v2\/media\/1421"}],"wp:attachment":[{"href":"https:\/\/hlautec.com\/fr\/wp-json\/wp\/v2\/media?parent=1420"}],"wp:term":[{"taxonomy":"brand_category","embeddable":true,"href":"https:\/\/hlautec.com\/fr\/wp-json\/wp\/v2\/brand_category?post=1420"},{"taxonomy":"product_brand","embeddable":true,"href":"https:\/\/hlautec.com\/fr\/wp-json\/wp\/v2\/product_brand?post=1420"},{"taxonomy":"product_cat","embeddable":true,"href":"https:\/\/hlautec.com\/fr\/wp-json\/wp\/v2\/product_cat?post=1420"},{"taxonomy":"product_tag","embeddable":true,"href":"https:\/\/hlautec.com\/fr\/wp-json\/wp\/v2\/product_tag?post=1420"}],"curies":[{"name":"wp","href":"https:\/\/api.w.org\/{rel}","templated":true}]}}