{"id":1418,"date":"2025-06-29T10:23:58","date_gmt":"2025-06-29T10:23:58","guid":{"rendered":"https:\/\/hlautec.com\/?post_type=product&#038;p=1418"},"modified":"2025-07-03T02:40:23","modified_gmt":"2025-07-03T02:40:23","slug":"poclain-mk-series","status":"publish","type":"product","link":"https:\/\/hlautec.com\/fr\/produit\/poclain-mk-series\/","title":{"rendered":"S\u00e9rie MK de Poclain"},"content":{"rendered":"<p>&nbsp;<\/p>\n<p><strong>Introduction du moteur hydraulique Poclain MK<\/strong><\/p>\n<p>Poclain&#8217;s MK series hydraulic motors are compact, high-performance solutions designed for applications where space is limited but high torque is essential. With displacements ranging from 272 cc to 2,812 cc, these motors are ideal for wheel drives and tool drives across various industries, including construction, material handling, agriculture, mining, and environmental services.<\/p>\n<p><strong>Caract\u00e9ristiques principales :<\/strong><\/p>\n<ol>\n<li>Conception compacte : La s\u00e9rie MK se caract\u00e9rise par une construction l\u00e9g\u00e8re, certains mod\u00e8les pesant moins de 30 kg, ce qui les rend adapt\u00e9s aux \u00e9quipements soumis \u00e0 des contraintes d'espace strictes.<\/li>\n<li>Puissance de sortie \u00e9lev\u00e9e : Malgr\u00e9 leur petite taille, ces moteurs fournissent une puissance impressionnante, pouvant atteindre 70 kW, selon le mod\u00e8le.<\/li>\n<li>Applications polyvalentes : Les moteurs MK sont particuli\u00e8rement adapt\u00e9s au montage sur des \u00e9quipements vibrants, gr\u00e2ce \u00e0 leur grand arbre creux central, et sont \u00e9galement parfaits pour l'entra\u00eenement de roues ou d'outils dans divers secteurs.<\/li>\n<li>Des performances robustes : Con\u00e7ue pour fonctionner \u00e0 des pressions maximales allant jusqu'\u00e0 450 bars et \u00e0 des vitesses allant jusqu'\u00e0 160 tr\/min, la s\u00e9rie MK garantit des performances fiables dans des conditions exigeantes.<\/li>\n<li>Large gamme de cylindr\u00e9es : Avec des cylindr\u00e9es allant de 272 cc \u00e0 2 812 cc, la s\u00e9rie MK offre la flexibilit\u00e9 n\u00e9cessaire pour r\u00e9pondre aux diverses exigences des applications.<\/li>\n<\/ol>\n<p>Ces caract\u00e9ristiques font des moteurs hydrauliques de la s\u00e9rie MK de Poclain un choix convaincant pour les industries qui recherchent des solutions compactes mais puissantes pour leurs besoins en mati\u00e8re d'entra\u00eenement hydraulique.<\/p>\n<p><strong>Type :<\/strong> MK04\/05\/08\/09\/12\/18\/23\/35\/47<\/p>","protected":false},"excerpt":{"rendered":"<p>&nbsp; Poclain MK Hydraulic Motor Product Introduction Poclain&#8217;s MK series hydraulic motors are compact, high-performance solutions designed for applications where space is limited but high torque is essential. With displacements ranging from 272 cc to 2,812 cc, these motors are ideal for wheel drives and tool drives across various industries, including construction, material handling, agriculture, [&hellip;]<\/p>","protected":false},"featured_media":1419,"comment_status":"open","ping_status":"closed","template":"","meta":{"_acf_changed":false},"brand_category":[130,155],"product_brand":[70,99],"product_cat":[24],"product_tag":[],"class_list":{"0":"post-1418","1":"product","2":"type-product","3":"status-publish","4":"has-post-thumbnail","6":"brand_category-hydraulic-brand","7":"brand_category-poclain","8":"product_brand-hydraulic-brand","9":"product_brand-poclain","10":"product_cat-hydraulic-components","12":"first","13":"instock","14":"shipping-taxable","15":"product-type-simple"},"acf":[],"yoast_head":"<!-- This site is optimized with the Yoast SEO plugin v27.4 - https:\/\/yoast.com\/product\/yoast-seo-wordpress\/ -->\n<title>Poclain MK series - hlautec.com<\/title>\n<meta name=\"robots\" content=\"index, follow, max-snippet:-1, max-image-preview:large, max-video-preview:-1\" \/>\n<link rel=\"canonical\" href=\"https:\/\/hlautec.com\/fr\/produit\/poclain-mk-series\/\" \/>\n<meta property=\"og:locale\" content=\"fr_FR\" \/>\n<meta property=\"og:type\" content=\"article\" \/>\n<meta property=\"og:title\" content=\"Poclain MK series - hlautec.com\" \/>\n<meta property=\"og:description\" content=\"&nbsp; Poclain MK Hydraulic Motor Product Introduction Poclain&#8217;s MK series hydraulic motors are compact, high-performance solutions designed for applications where space is limited but high torque is essential. With displacements ranging from 272 cc to 2,812 cc, these motors are ideal for wheel drives and tool drives across various industries, including construction, material handling, agriculture, [&hellip;]\" \/>\n<meta property=\"og:url\" content=\"https:\/\/hlautec.com\/fr\/produit\/poclain-mk-series\/\" \/>\n<meta property=\"og:site_name\" content=\"hlautec.com\" \/>\n<meta property=\"article:modified_time\" content=\"2025-07-03T02:40:23+00:00\" \/>\n<meta property=\"og:image\" content=\"https:\/\/hlautec.com\/wp-content\/uploads\/2025\/06\/1-19.jpg\" \/>\n\t<meta property=\"og:image:width\" content=\"846\" \/>\n\t<meta property=\"og:image:height\" content=\"846\" \/>\n\t<meta property=\"og:image:type\" content=\"image\/jpeg\" \/>\n<meta name=\"twitter:card\" content=\"summary_large_image\" \/>\n<meta name=\"twitter:label1\" content=\"Dur\u00e9e de lecture estim\u00e9e\" \/>\n\t<meta name=\"twitter:data1\" content=\"2 minutes\" \/>\n<script type=\"application\/ld+json\" class=\"yoast-schema-graph\">{\"@context\":\"https:\\\/\\\/schema.org\",\"@graph\":[{\"@type\":\"WebPage\",\"@id\":\"https:\\\/\\\/hlautec.com\\\/product\\\/poclain-mk-series\\\/\",\"url\":\"https:\\\/\\\/hlautec.com\\\/product\\\/poclain-mk-series\\\/\",\"name\":\"Poclain MK series - hlautec.com\",\"isPartOf\":{\"@id\":\"https:\\\/\\\/hlautec.com\\\/#website\"},\"primaryImageOfPage\":{\"@id\":\"https:\\\/\\\/hlautec.com\\\/product\\\/poclain-mk-series\\\/#primaryimage\"},\"image\":{\"@id\":\"https:\\\/\\\/hlautec.com\\\/product\\\/poclain-mk-series\\\/#primaryimage\"},\"thumbnailUrl\":\"https:\\\/\\\/hlautec.com\\\/wp-content\\\/uploads\\\/2025\\\/06\\\/1-19.jpg\",\"datePublished\":\"2025-06-29T10:23:58+00:00\",\"dateModified\":\"2025-07-03T02:40:23+00:00\",\"breadcrumb\":{\"@id\":\"https:\\\/\\\/hlautec.com\\\/product\\\/poclain-mk-series\\\/#breadcrumb\"},\"inLanguage\":\"fr-FR\",\"potentialAction\":[{\"@type\":\"ReadAction\",\"target\":[\"https:\\\/\\\/hlautec.com\\\/product\\\/poclain-mk-series\\\/\"]}]},{\"@type\":\"ImageObject\",\"inLanguage\":\"fr-FR\",\"@id\":\"https:\\\/\\\/hlautec.com\\\/product\\\/poclain-mk-series\\\/#primaryimage\",\"url\":\"https:\\\/\\\/hlautec.com\\\/wp-content\\\/uploads\\\/2025\\\/06\\\/1-19.jpg\",\"contentUrl\":\"https:\\\/\\\/hlautec.com\\\/wp-content\\\/uploads\\\/2025\\\/06\\\/1-19.jpg\",\"width\":846,\"height\":846},{\"@type\":\"BreadcrumbList\",\"@id\":\"https:\\\/\\\/hlautec.com\\\/product\\\/poclain-mk-series\\\/#breadcrumb\",\"itemListElement\":[{\"@type\":\"ListItem\",\"position\":1,\"name\":\"Home\",\"item\":\"https:\\\/\\\/hlautec.com\\\/\"},{\"@type\":\"ListItem\",\"position\":2,\"name\":\"Shop\",\"item\":\"https:\\\/\\\/hlautec.com\\\/shop\\\/\"},{\"@type\":\"ListItem\",\"position\":3,\"name\":\"Poclain MK series\"}]},{\"@type\":\"WebSite\",\"@id\":\"https:\\\/\\\/hlautec.com\\\/#website\",\"url\":\"https:\\\/\\\/hlautec.com\\\/\",\"name\":\"hlautec.com\",\"description\":\"\",\"publisher\":{\"@id\":\"https:\\\/\\\/hlautec.com\\\/#organization\"},\"potentialAction\":[{\"@type\":\"SearchAction\",\"target\":{\"@type\":\"EntryPoint\",\"urlTemplate\":\"https:\\\/\\\/hlautec.com\\\/?s={search_term_string}\"},\"query-input\":{\"@type\":\"PropertyValueSpecification\",\"valueRequired\":true,\"valueName\":\"search_term_string\"}}],\"inLanguage\":\"fr-FR\"},{\"@type\":\"Organization\",\"@id\":\"https:\\\/\\\/hlautec.com\\\/#organization\",\"name\":\"hlautec.com\",\"url\":\"https:\\\/\\\/hlautec.com\\\/\",\"logo\":{\"@type\":\"ImageObject\",\"inLanguage\":\"fr-FR\",\"@id\":\"https:\\\/\\\/hlautec.com\\\/#\\\/schema\\\/logo\\\/image\\\/\",\"url\":\"https:\\\/\\\/hlautec.com\\\/wp-content\\\/uploads\\\/2025\\\/06\\\/\u5fae\u4fe1\u56fe\u7247_20250604093745-scaled.jpg\",\"contentUrl\":\"https:\\\/\\\/hlautec.com\\\/wp-content\\\/uploads\\\/2025\\\/06\\\/\u5fae\u4fe1\u56fe\u7247_20250604093745-scaled.jpg\",\"width\":2560,\"height\":1764,\"caption\":\"hlautec.com\"},\"image\":{\"@id\":\"https:\\\/\\\/hlautec.com\\\/#\\\/schema\\\/logo\\\/image\\\/\"}}]}<\/script>\n<!-- \/ Yoast SEO plugin. -->","yoast_head_json":{"title":"Poclain MK series - hlautec.com","robots":{"index":"index","follow":"follow","max-snippet":"max-snippet:-1","max-image-preview":"max-image-preview:large","max-video-preview":"max-video-preview:-1"},"canonical":"https:\/\/hlautec.com\/fr\/produit\/poclain-mk-series\/","og_locale":"fr_FR","og_type":"article","og_title":"Poclain MK series - hlautec.com","og_description":"&nbsp; Poclain MK Hydraulic Motor Product Introduction Poclain&#8217;s MK series hydraulic motors are compact, high-performance solutions designed for applications where space is limited but high torque is essential. With displacements ranging from 272 cc to 2,812 cc, these motors are ideal for wheel drives and tool drives across various industries, including construction, material handling, agriculture, [&hellip;]","og_url":"https:\/\/hlautec.com\/fr\/produit\/poclain-mk-series\/","og_site_name":"hlautec.com","article_modified_time":"2025-07-03T02:40:23+00:00","og_image":[{"width":846,"height":846,"url":"https:\/\/hlautec.com\/wp-content\/uploads\/2025\/06\/1-19.jpg","type":"image\/jpeg"}],"twitter_card":"summary_large_image","twitter_misc":{"Dur\u00e9e de lecture estim\u00e9e":"2 minutes"},"schema":{"@context":"https:\/\/schema.org","@graph":[{"@type":"WebPage","@id":"https:\/\/hlautec.com\/product\/poclain-mk-series\/","url":"https:\/\/hlautec.com\/product\/poclain-mk-series\/","name":"Poclain MK series - hlautec.com","isPartOf":{"@id":"https:\/\/hlautec.com\/#website"},"primaryImageOfPage":{"@id":"https:\/\/hlautec.com\/product\/poclain-mk-series\/#primaryimage"},"image":{"@id":"https:\/\/hlautec.com\/product\/poclain-mk-series\/#primaryimage"},"thumbnailUrl":"https:\/\/hlautec.com\/wp-content\/uploads\/2025\/06\/1-19.jpg","datePublished":"2025-06-29T10:23:58+00:00","dateModified":"2025-07-03T02:40:23+00:00","breadcrumb":{"@id":"https:\/\/hlautec.com\/product\/poclain-mk-series\/#breadcrumb"},"inLanguage":"fr-FR","potentialAction":[{"@type":"ReadAction","target":["https:\/\/hlautec.com\/product\/poclain-mk-series\/"]}]},{"@type":"ImageObject","inLanguage":"fr-FR","@id":"https:\/\/hlautec.com\/product\/poclain-mk-series\/#primaryimage","url":"https:\/\/hlautec.com\/wp-content\/uploads\/2025\/06\/1-19.jpg","contentUrl":"https:\/\/hlautec.com\/wp-content\/uploads\/2025\/06\/1-19.jpg","width":846,"height":846},{"@type":"BreadcrumbList","@id":"https:\/\/hlautec.com\/product\/poclain-mk-series\/#breadcrumb","itemListElement":[{"@type":"ListItem","position":1,"name":"Home","item":"https:\/\/hlautec.com\/"},{"@type":"ListItem","position":2,"name":"Shop","item":"https:\/\/hlautec.com\/shop\/"},{"@type":"ListItem","position":3,"name":"Poclain MK series"}]},{"@type":"WebSite","@id":"https:\/\/hlautec.com\/#website","url":"https:\/\/hlautec.com\/","name":"hlautec.com","description":"","publisher":{"@id":"https:\/\/hlautec.com\/#organization"},"potentialAction":[{"@type":"SearchAction","target":{"@type":"EntryPoint","urlTemplate":"https:\/\/hlautec.com\/?s={search_term_string}"},"query-input":{"@type":"PropertyValueSpecification","valueRequired":true,"valueName":"search_term_string"}}],"inLanguage":"fr-FR"},{"@type":"Organization","@id":"https:\/\/hlautec.com\/#organization","name":"hlautec.com","url":"https:\/\/hlautec.com\/","logo":{"@type":"ImageObject","inLanguage":"fr-FR","@id":"https:\/\/hlautec.com\/#\/schema\/logo\/image\/","url":"https:\/\/hlautec.com\/wp-content\/uploads\/2025\/06\/\u5fae\u4fe1\u56fe\u7247_20250604093745-scaled.jpg","contentUrl":"https:\/\/hlautec.com\/wp-content\/uploads\/2025\/06\/\u5fae\u4fe1\u56fe\u7247_20250604093745-scaled.jpg","width":2560,"height":1764,"caption":"hlautec.com"},"image":{"@id":"https:\/\/hlautec.com\/#\/schema\/logo\/image\/"}}]}},"jetpack_sharing_enabled":true,"_links":{"self":[{"href":"https:\/\/hlautec.com\/fr\/wp-json\/wp\/v2\/product\/1418","targetHints":{"allow":["GET"]}}],"collection":[{"href":"https:\/\/hlautec.com\/fr\/wp-json\/wp\/v2\/product"}],"about":[{"href":"https:\/\/hlautec.com\/fr\/wp-json\/wp\/v2\/types\/product"}],"replies":[{"embeddable":true,"href":"https:\/\/hlautec.com\/fr\/wp-json\/wp\/v2\/comments?post=1418"}],"wp:featuredmedia":[{"embeddable":true,"href":"https:\/\/hlautec.com\/fr\/wp-json\/wp\/v2\/media\/1419"}],"wp:attachment":[{"href":"https:\/\/hlautec.com\/fr\/wp-json\/wp\/v2\/media?parent=1418"}],"wp:term":[{"taxonomy":"brand_category","embeddable":true,"href":"https:\/\/hlautec.com\/fr\/wp-json\/wp\/v2\/brand_category?post=1418"},{"taxonomy":"product_brand","embeddable":true,"href":"https:\/\/hlautec.com\/fr\/wp-json\/wp\/v2\/product_brand?post=1418"},{"taxonomy":"product_cat","embeddable":true,"href":"https:\/\/hlautec.com\/fr\/wp-json\/wp\/v2\/product_cat?post=1418"},{"taxonomy":"product_tag","embeddable":true,"href":"https:\/\/hlautec.com\/fr\/wp-json\/wp\/v2\/product_tag?post=1418"}],"curies":[{"name":"wp","href":"https:\/\/api.w.org\/{rel}","templated":true}]}}