{"id":1420,"date":"2025-06-29T10:28:10","date_gmt":"2025-06-29T10:28:10","guid":{"rendered":"https:\/\/hlautec.com\/?post_type=product&#038;p=1420"},"modified":"2025-07-03T02:39:55","modified_gmt":"2025-07-03T02:39:55","slug":"sai-gm-series","status":"publish","type":"product","link":"https:\/\/hlautec.com\/es\/producto\/sai-gm-series\/","title":{"rendered":"Serie Sai GM"},"content":{"rendered":"<p>GM series hydraulic motor is a new type of product of our company, which based on years practical experience and designed and improved the original products on the basis of Italian technologies.<\/p>\n<p>GM hydraulic motor mainly has the following characteristics:<\/p>\n<ol>\n<li>Como el pist\u00f3n y el cilindro basculante no tienen fuerza lateral, el fondo del pist\u00f3n est\u00e1 dise\u00f1ado para tener un equilibrio de presi\u00f3n est\u00e1tica. La fuerza de torsi\u00f3n se transfiere entre el pist\u00f3n y el cig\u00fce\u00f1al a trav\u00e9s de rodamientos, por lo que la p\u00e9rdida de fricci\u00f3n durante el proceso de transferencia de la fuerza se reduce. Por lo tanto, el motor hidr\u00e1ulico de la serie GM tiene caracter\u00edsticas tales como: una eficiencia mec\u00e1nica muy alta y un par de arranque comparativamente alto (eficiencia mec\u00e1nica de m\u00e1s de 0,92 durante el arranque).<\/li>\n<li>El distribuidor plano (tecnolog\u00eda patentada) es sencillo y fiable, con un rendimiento de sellado perfecto y pr\u00e1cticamente sin fugas. El anillo de pist\u00f3n de pl\u00e1stico se utiliza para sellar entre el pist\u00f3n y el cilindro de inclinaci\u00f3n, por lo que tiene una eficiencia volum\u00e9trica muy alta (puede ser tan alta como 0,98).<\/li>\n<li>Como la estructura de este producto ha reducido la p\u00e9rdida por fricci\u00f3n y ha mejorado el rendimiento del sellado, el producto tiene una estabilidad perfecta a baja velocidad. Puede funcionar de forma estable a 1 r\/min y tiene un amplio rango de regulaci\u00f3n de velocidad.<\/li>\n<li>Como el pist\u00f3n est\u00e1 unido estrechamente con el buje del cojinete sin ninguna holgura, esta serie de motor hidr\u00e1ulico puede funcionar en condiciones de trabajo de la bomba.<\/li>\n<li>Esta serie de motor hidr\u00e1ulico tiene alta presi\u00f3n, peso ligero, peque\u00f1o bulto, y alta potencia espec\u00edfica.<\/li>\n<li>Como esta serie de motores hidr\u00e1ulicos tiene una estructura simple, un dise\u00f1o razonable y adopta rodamientos con gran capacidad de carga, puede trabajar de forma fiable y tiene una larga vida \u00fatil y bajo nivel de ruido; el eje de transmisi\u00f3n permite soportar carga radial y la direcci\u00f3n de rotaci\u00f3n es reversible.<\/li>\n<\/ol>\n<p>Tipo: GM05, GM1, GM2, GM3, GM4, GM5, GM6, GM7<\/p>\n<hr \/>\n<p>\u9700\u8981\u8fdb\u4e00\u6b65\u5e2e\u52a9\u5417\uff1f<\/p>","protected":false},"excerpt":{"rendered":"<p>GM series hydraulic motor is a new type of product of our company, which based on years practical experience and designed and improved the original products on the basis of Italian technologies. GM hydraulic motor mainly has the following characteristics: As the piston and the tilt cylinder have no side force, the piston bottom is [&hellip;]<\/p>","protected":false},"featured_media":1421,"comment_status":"open","ping_status":"closed","template":"","meta":{"_acf_changed":false},"brand_category":[130,157],"product_brand":[70,100],"product_cat":[24],"product_tag":[],"class_list":{"0":"post-1420","1":"product","2":"type-product","3":"status-publish","4":"has-post-thumbnail","6":"brand_category-hydraulic-brand","7":"brand_category-sai","8":"product_brand-hydraulic-brand","9":"product_brand-sai","10":"product_cat-hydraulic-components","12":"first","13":"instock","14":"shipping-taxable","15":"product-type-simple"},"acf":[],"yoast_head":"<!-- This site is optimized with the Yoast SEO plugin v27.4 - https:\/\/yoast.com\/product\/yoast-seo-wordpress\/ -->\n<title>Sai GM series - hlautec.com<\/title>\n<meta name=\"robots\" content=\"index, follow, max-snippet:-1, max-image-preview:large, max-video-preview:-1\" \/>\n<link rel=\"canonical\" href=\"https:\/\/hlautec.com\/es\/producto\/sai-gm-series\/\" \/>\n<meta property=\"og:locale\" content=\"es_ES\" \/>\n<meta property=\"og:type\" content=\"article\" \/>\n<meta property=\"og:title\" content=\"Sai GM series - hlautec.com\" \/>\n<meta property=\"og:description\" content=\"GM series hydraulic motor is a new type of product of our company, which based on years practical experience and designed and improved the original products on the basis of Italian technologies. GM hydraulic motor mainly has the following characteristics: As the piston and the tilt cylinder have no side force, the piston bottom is [&hellip;]\" \/>\n<meta property=\"og:url\" content=\"https:\/\/hlautec.com\/es\/producto\/sai-gm-series\/\" \/>\n<meta property=\"og:site_name\" content=\"hlautec.com\" \/>\n<meta property=\"article:modified_time\" content=\"2025-07-03T02:39:55+00:00\" \/>\n<meta property=\"og:image\" content=\"https:\/\/hlautec.com\/wp-content\/uploads\/2025\/06\/1-20.jpg\" \/>\n\t<meta property=\"og:image:width\" content=\"867\" \/>\n\t<meta property=\"og:image:height\" content=\"867\" \/>\n\t<meta property=\"og:image:type\" content=\"image\/jpeg\" \/>\n<meta name=\"twitter:card\" content=\"summary_large_image\" \/>\n<meta name=\"twitter:label1\" content=\"Tiempo de lectura\" \/>\n\t<meta name=\"twitter:data1\" content=\"2 minutos\" \/>\n<script type=\"application\/ld+json\" class=\"yoast-schema-graph\">{\"@context\":\"https:\\\/\\\/schema.org\",\"@graph\":[{\"@type\":\"WebPage\",\"@id\":\"https:\\\/\\\/hlautec.com\\\/product\\\/sai-gm-series\\\/\",\"url\":\"https:\\\/\\\/hlautec.com\\\/product\\\/sai-gm-series\\\/\",\"name\":\"Sai GM series - hlautec.com\",\"isPartOf\":{\"@id\":\"https:\\\/\\\/hlautec.com\\\/#website\"},\"primaryImageOfPage\":{\"@id\":\"https:\\\/\\\/hlautec.com\\\/product\\\/sai-gm-series\\\/#primaryimage\"},\"image\":{\"@id\":\"https:\\\/\\\/hlautec.com\\\/product\\\/sai-gm-series\\\/#primaryimage\"},\"thumbnailUrl\":\"https:\\\/\\\/hlautec.com\\\/wp-content\\\/uploads\\\/2025\\\/06\\\/1-20.jpg\",\"datePublished\":\"2025-06-29T10:28:10+00:00\",\"dateModified\":\"2025-07-03T02:39:55+00:00\",\"breadcrumb\":{\"@id\":\"https:\\\/\\\/hlautec.com\\\/product\\\/sai-gm-series\\\/#breadcrumb\"},\"inLanguage\":\"es\",\"potentialAction\":[{\"@type\":\"ReadAction\",\"target\":[\"https:\\\/\\\/hlautec.com\\\/product\\\/sai-gm-series\\\/\"]}]},{\"@type\":\"ImageObject\",\"inLanguage\":\"es\",\"@id\":\"https:\\\/\\\/hlautec.com\\\/product\\\/sai-gm-series\\\/#primaryimage\",\"url\":\"https:\\\/\\\/hlautec.com\\\/wp-content\\\/uploads\\\/2025\\\/06\\\/1-20.jpg\",\"contentUrl\":\"https:\\\/\\\/hlautec.com\\\/wp-content\\\/uploads\\\/2025\\\/06\\\/1-20.jpg\",\"width\":867,\"height\":867},{\"@type\":\"BreadcrumbList\",\"@id\":\"https:\\\/\\\/hlautec.com\\\/product\\\/sai-gm-series\\\/#breadcrumb\",\"itemListElement\":[{\"@type\":\"ListItem\",\"position\":1,\"name\":\"Home\",\"item\":\"https:\\\/\\\/hlautec.com\\\/\"},{\"@type\":\"ListItem\",\"position\":2,\"name\":\"Shop\",\"item\":\"https:\\\/\\\/hlautec.com\\\/shop\\\/\"},{\"@type\":\"ListItem\",\"position\":3,\"name\":\"Sai GM series\"}]},{\"@type\":\"WebSite\",\"@id\":\"https:\\\/\\\/hlautec.com\\\/#website\",\"url\":\"https:\\\/\\\/hlautec.com\\\/\",\"name\":\"hlautec.com\",\"description\":\"\",\"publisher\":{\"@id\":\"https:\\\/\\\/hlautec.com\\\/#organization\"},\"potentialAction\":[{\"@type\":\"SearchAction\",\"target\":{\"@type\":\"EntryPoint\",\"urlTemplate\":\"https:\\\/\\\/hlautec.com\\\/?s={search_term_string}\"},\"query-input\":{\"@type\":\"PropertyValueSpecification\",\"valueRequired\":true,\"valueName\":\"search_term_string\"}}],\"inLanguage\":\"es\"},{\"@type\":\"Organization\",\"@id\":\"https:\\\/\\\/hlautec.com\\\/#organization\",\"name\":\"hlautec.com\",\"url\":\"https:\\\/\\\/hlautec.com\\\/\",\"logo\":{\"@type\":\"ImageObject\",\"inLanguage\":\"es\",\"@id\":\"https:\\\/\\\/hlautec.com\\\/#\\\/schema\\\/logo\\\/image\\\/\",\"url\":\"https:\\\/\\\/hlautec.com\\\/wp-content\\\/uploads\\\/2025\\\/06\\\/\u5fae\u4fe1\u56fe\u7247_20250604093745-scaled.jpg\",\"contentUrl\":\"https:\\\/\\\/hlautec.com\\\/wp-content\\\/uploads\\\/2025\\\/06\\\/\u5fae\u4fe1\u56fe\u7247_20250604093745-scaled.jpg\",\"width\":2560,\"height\":1764,\"caption\":\"hlautec.com\"},\"image\":{\"@id\":\"https:\\\/\\\/hlautec.com\\\/#\\\/schema\\\/logo\\\/image\\\/\"}}]}<\/script>\n<!-- \/ Yoast SEO plugin. -->","yoast_head_json":{"title":"Sai GM series - hlautec.com","robots":{"index":"index","follow":"follow","max-snippet":"max-snippet:-1","max-image-preview":"max-image-preview:large","max-video-preview":"max-video-preview:-1"},"canonical":"https:\/\/hlautec.com\/es\/producto\/sai-gm-series\/","og_locale":"es_ES","og_type":"article","og_title":"Sai GM series - hlautec.com","og_description":"GM series hydraulic motor is a new type of product of our company, which based on years practical experience and designed and improved the original products on the basis of Italian technologies. GM hydraulic motor mainly has the following characteristics: As the piston and the tilt cylinder have no side force, the piston bottom is [&hellip;]","og_url":"https:\/\/hlautec.com\/es\/producto\/sai-gm-series\/","og_site_name":"hlautec.com","article_modified_time":"2025-07-03T02:39:55+00:00","og_image":[{"width":867,"height":867,"url":"https:\/\/hlautec.com\/wp-content\/uploads\/2025\/06\/1-20.jpg","type":"image\/jpeg"}],"twitter_card":"summary_large_image","twitter_misc":{"Tiempo de lectura":"2 minutos"},"schema":{"@context":"https:\/\/schema.org","@graph":[{"@type":"WebPage","@id":"https:\/\/hlautec.com\/product\/sai-gm-series\/","url":"https:\/\/hlautec.com\/product\/sai-gm-series\/","name":"Sai GM series - hlautec.com","isPartOf":{"@id":"https:\/\/hlautec.com\/#website"},"primaryImageOfPage":{"@id":"https:\/\/hlautec.com\/product\/sai-gm-series\/#primaryimage"},"image":{"@id":"https:\/\/hlautec.com\/product\/sai-gm-series\/#primaryimage"},"thumbnailUrl":"https:\/\/hlautec.com\/wp-content\/uploads\/2025\/06\/1-20.jpg","datePublished":"2025-06-29T10:28:10+00:00","dateModified":"2025-07-03T02:39:55+00:00","breadcrumb":{"@id":"https:\/\/hlautec.com\/product\/sai-gm-series\/#breadcrumb"},"inLanguage":"es","potentialAction":[{"@type":"ReadAction","target":["https:\/\/hlautec.com\/product\/sai-gm-series\/"]}]},{"@type":"ImageObject","inLanguage":"es","@id":"https:\/\/hlautec.com\/product\/sai-gm-series\/#primaryimage","url":"https:\/\/hlautec.com\/wp-content\/uploads\/2025\/06\/1-20.jpg","contentUrl":"https:\/\/hlautec.com\/wp-content\/uploads\/2025\/06\/1-20.jpg","width":867,"height":867},{"@type":"BreadcrumbList","@id":"https:\/\/hlautec.com\/product\/sai-gm-series\/#breadcrumb","itemListElement":[{"@type":"ListItem","position":1,"name":"Home","item":"https:\/\/hlautec.com\/"},{"@type":"ListItem","position":2,"name":"Shop","item":"https:\/\/hlautec.com\/shop\/"},{"@type":"ListItem","position":3,"name":"Sai GM series"}]},{"@type":"WebSite","@id":"https:\/\/hlautec.com\/#website","url":"https:\/\/hlautec.com\/","name":"hlautec.com","description":"","publisher":{"@id":"https:\/\/hlautec.com\/#organization"},"potentialAction":[{"@type":"SearchAction","target":{"@type":"EntryPoint","urlTemplate":"https:\/\/hlautec.com\/?s={search_term_string}"},"query-input":{"@type":"PropertyValueSpecification","valueRequired":true,"valueName":"search_term_string"}}],"inLanguage":"es"},{"@type":"Organization","@id":"https:\/\/hlautec.com\/#organization","name":"hlautec.com","url":"https:\/\/hlautec.com\/","logo":{"@type":"ImageObject","inLanguage":"es","@id":"https:\/\/hlautec.com\/#\/schema\/logo\/image\/","url":"https:\/\/hlautec.com\/wp-content\/uploads\/2025\/06\/\u5fae\u4fe1\u56fe\u7247_20250604093745-scaled.jpg","contentUrl":"https:\/\/hlautec.com\/wp-content\/uploads\/2025\/06\/\u5fae\u4fe1\u56fe\u7247_20250604093745-scaled.jpg","width":2560,"height":1764,"caption":"hlautec.com"},"image":{"@id":"https:\/\/hlautec.com\/#\/schema\/logo\/image\/"}}]}},"jetpack_sharing_enabled":true,"_links":{"self":[{"href":"https:\/\/hlautec.com\/es\/wp-json\/wp\/v2\/product\/1420","targetHints":{"allow":["GET"]}}],"collection":[{"href":"https:\/\/hlautec.com\/es\/wp-json\/wp\/v2\/product"}],"about":[{"href":"https:\/\/hlautec.com\/es\/wp-json\/wp\/v2\/types\/product"}],"replies":[{"embeddable":true,"href":"https:\/\/hlautec.com\/es\/wp-json\/wp\/v2\/comments?post=1420"}],"wp:featuredmedia":[{"embeddable":true,"href":"https:\/\/hlautec.com\/es\/wp-json\/wp\/v2\/media\/1421"}],"wp:attachment":[{"href":"https:\/\/hlautec.com\/es\/wp-json\/wp\/v2\/media?parent=1420"}],"wp:term":[{"taxonomy":"brand_category","embeddable":true,"href":"https:\/\/hlautec.com\/es\/wp-json\/wp\/v2\/brand_category?post=1420"},{"taxonomy":"product_brand","embeddable":true,"href":"https:\/\/hlautec.com\/es\/wp-json\/wp\/v2\/product_brand?post=1420"},{"taxonomy":"product_cat","embeddable":true,"href":"https:\/\/hlautec.com\/es\/wp-json\/wp\/v2\/product_cat?post=1420"},{"taxonomy":"product_tag","embeddable":true,"href":"https:\/\/hlautec.com\/es\/wp-json\/wp\/v2\/product_tag?post=1420"}],"curies":[{"name":"wp","href":"https:\/\/api.w.org\/{rel}","templated":true}]}}