{"id":1277,"date":"2025-06-25T10:33:37","date_gmt":"2025-06-25T10:33:37","guid":{"rendered":"https:\/\/hlautec.com\/?post_type=product&#038;p=1277"},"modified":"2025-07-03T02:59:08","modified_gmt":"2025-07-03T02:59:08","slug":"parker-tj0065uw080aaab","status":"publish","type":"product","link":"https:\/\/hlautec.com\/es\/producto\/parker-tj0065uw080aaab\/","title":{"rendered":"Parker TJ0065UW080AAAB"},"content":{"rendered":"<p class=\"c-font-bold c-margin-b-5\">Especificaciones<\/p>\n<p>La serie TJ combina la transmisi\u00f3n de la serie TE con un rodamiento de rodillos y un eje m\u00e1s grandes y resistentes. Este motor de rueda compacto y econ\u00f3mico tiene presiones intermitentes de hasta 190 bar y pares de hasta 648 Nm. El eje tiene un di\u00e1metro nominal de 31,75 mm.<\/p>\n<div class=\"col-md-6\">\n<table class=\"table table-striped table-condensed\">\n<tbody>\n<tr>\n<td>Marca<\/td>\n<td><\/td>\n<td>Torqmotor<\/td>\n<td><\/td>\n<\/tr>\n<tr>\n<td>Desplazamiento<\/td>\n<td><\/td>\n<td>Motor: 36 &#8211; 390 cm3\/rev<\/td>\n<td><\/td>\n<\/tr>\n<tr>\n<td>Caudal m\u00e1ximo<\/td>\n<td><\/td>\n<td>40 a 75 Intermitente (35 a 60 Continuo) L\/min<\/td>\n<td><\/td>\n<\/tr>\n<tr>\n<td>Par de arranque m\u00ednimo<\/td>\n<td><\/td>\n<td>52 a 477 Intermitente (44 a 373 Continuo) Nm<\/td>\n<td><\/td>\n<\/tr>\n<tr>\n<td>Di\u00e1metro del eje<\/td>\n<td><\/td>\n<td>31,75 nominal (otros tama\u00f1os disponibles) mm<\/td>\n<td><\/td>\n<\/tr>\n<\/tbody>\n<\/table>\n<\/div>\n<div class=\"col-md-6\">\n<table class=\"table table-striped table-condensed\">\n<tbody>\n<tr>\n<td>Material del cuerpo<\/td>\n<td><\/td>\n<td>Hierro fundido<\/td>\n<td><\/td>\n<\/tr>\n<tr>\n<td>Presi\u00f3n diferencial m\u00e1xima<\/td>\n<td><\/td>\n<td>120 a 190 Intermitente (85 a 140 Continuo) bar<\/td>\n<td><\/td>\n<\/tr>\n<tr>\n<td>Par de salida m\u00e1ximo<\/td>\n<td><\/td>\n<td>71 a 648 Intermitente (55 a 467 Continuo) Nm<\/td>\n<td><\/td>\n<\/tr>\n<tr>\n<td>Velocidad m\u00e1xima de funcionamiento<\/td>\n<td><\/td>\n<td>Flujo intermitente: 190 a 1160 RPM<\/td>\n<\/tr>\n<\/tbody>\n<\/table>\n<\/div>","protected":false},"excerpt":{"rendered":"<p>Specifications The TJ Series marries the TE Series drive train with a larger, heavier duty roller bearing and shaft. This compact, economical wheel motor has intermittent pressures to 190 bar and torques to 648 Nm. The shaft is 31.75 mm nominal. Brand Torqmotor Displacement Motor: 36 &#8211; 390 cm3\/rev Maximum Flow Rate 40 to 75 [&hellip;]<\/p>","protected":false},"featured_media":1278,"comment_status":"open","ping_status":"closed","template":"","meta":{"_acf_changed":false},"brand_category":[130,153],"product_brand":[70,84],"product_cat":[24],"product_tag":[],"class_list":{"0":"post-1277","1":"product","2":"type-product","3":"status-publish","4":"has-post-thumbnail","6":"brand_category-hydraulic-brand","7":"brand_category-parker","8":"product_brand-hydraulic-brand","9":"product_brand-parker","10":"product_cat-hydraulic-components","12":"first","13":"instock","14":"shipping-taxable","15":"product-type-simple"},"acf":[],"yoast_head":"<!-- This site is optimized with the Yoast SEO plugin v27.4 - https:\/\/yoast.com\/product\/yoast-seo-wordpress\/ -->\n<title>Parker TJ0065UW080AAAB - hlautec.com<\/title>\n<meta name=\"robots\" content=\"index, follow, max-snippet:-1, max-image-preview:large, max-video-preview:-1\" \/>\n<link rel=\"canonical\" href=\"https:\/\/hlautec.com\/es\/producto\/parker-tj0065uw080aaab\/\" \/>\n<meta property=\"og:locale\" content=\"es_ES\" \/>\n<meta property=\"og:type\" content=\"article\" \/>\n<meta property=\"og:title\" content=\"Parker TJ0065UW080AAAB - hlautec.com\" \/>\n<meta property=\"og:description\" content=\"Specifications The TJ Series marries the TE Series drive train with a larger, heavier duty roller bearing and shaft. This compact, economical wheel motor has intermittent pressures to 190 bar and torques to 648 Nm. The shaft is 31.75 mm nominal. Brand Torqmotor Displacement Motor: 36 &#8211; 390 cm3\/rev Maximum Flow Rate 40 to 75 [&hellip;]\" \/>\n<meta property=\"og:url\" content=\"https:\/\/hlautec.com\/es\/producto\/parker-tj0065uw080aaab\/\" \/>\n<meta property=\"og:site_name\" content=\"hlautec.com\" \/>\n<meta property=\"article:modified_time\" content=\"2025-07-03T02:59:08+00:00\" \/>\n<meta property=\"og:image\" content=\"https:\/\/hlautec.com\/wp-content\/uploads\/2025\/06\/1-4.png\" \/>\n\t<meta property=\"og:image:width\" content=\"800\" \/>\n\t<meta property=\"og:image:height\" content=\"800\" \/>\n\t<meta property=\"og:image:type\" content=\"image\/png\" \/>\n<meta name=\"twitter:card\" content=\"summary_large_image\" \/>\n<meta name=\"twitter:label1\" content=\"Tiempo de lectura\" \/>\n\t<meta name=\"twitter:data1\" content=\"1 minuto\" \/>\n<script type=\"application\/ld+json\" class=\"yoast-schema-graph\">{\"@context\":\"https:\\\/\\\/schema.org\",\"@graph\":[{\"@type\":\"WebPage\",\"@id\":\"https:\\\/\\\/hlautec.com\\\/product\\\/parker-tj0065uw080aaab\\\/\",\"url\":\"https:\\\/\\\/hlautec.com\\\/product\\\/parker-tj0065uw080aaab\\\/\",\"name\":\"Parker TJ0065UW080AAAB - hlautec.com\",\"isPartOf\":{\"@id\":\"https:\\\/\\\/hlautec.com\\\/#website\"},\"primaryImageOfPage\":{\"@id\":\"https:\\\/\\\/hlautec.com\\\/product\\\/parker-tj0065uw080aaab\\\/#primaryimage\"},\"image\":{\"@id\":\"https:\\\/\\\/hlautec.com\\\/product\\\/parker-tj0065uw080aaab\\\/#primaryimage\"},\"thumbnailUrl\":\"https:\\\/\\\/hlautec.com\\\/wp-content\\\/uploads\\\/2025\\\/06\\\/1-4.png\",\"datePublished\":\"2025-06-25T10:33:37+00:00\",\"dateModified\":\"2025-07-03T02:59:08+00:00\",\"breadcrumb\":{\"@id\":\"https:\\\/\\\/hlautec.com\\\/product\\\/parker-tj0065uw080aaab\\\/#breadcrumb\"},\"inLanguage\":\"es\",\"potentialAction\":[{\"@type\":\"ReadAction\",\"target\":[\"https:\\\/\\\/hlautec.com\\\/product\\\/parker-tj0065uw080aaab\\\/\"]}]},{\"@type\":\"ImageObject\",\"inLanguage\":\"es\",\"@id\":\"https:\\\/\\\/hlautec.com\\\/product\\\/parker-tj0065uw080aaab\\\/#primaryimage\",\"url\":\"https:\\\/\\\/hlautec.com\\\/wp-content\\\/uploads\\\/2025\\\/06\\\/1-4.png\",\"contentUrl\":\"https:\\\/\\\/hlautec.com\\\/wp-content\\\/uploads\\\/2025\\\/06\\\/1-4.png\",\"width\":800,\"height\":800},{\"@type\":\"BreadcrumbList\",\"@id\":\"https:\\\/\\\/hlautec.com\\\/product\\\/parker-tj0065uw080aaab\\\/#breadcrumb\",\"itemListElement\":[{\"@type\":\"ListItem\",\"position\":1,\"name\":\"Home\",\"item\":\"https:\\\/\\\/hlautec.com\\\/\"},{\"@type\":\"ListItem\",\"position\":2,\"name\":\"Shop\",\"item\":\"https:\\\/\\\/hlautec.com\\\/shop\\\/\"},{\"@type\":\"ListItem\",\"position\":3,\"name\":\"Parker TJ0065UW080AAAB\"}]},{\"@type\":\"WebSite\",\"@id\":\"https:\\\/\\\/hlautec.com\\\/#website\",\"url\":\"https:\\\/\\\/hlautec.com\\\/\",\"name\":\"hlautec.com\",\"description\":\"\",\"publisher\":{\"@id\":\"https:\\\/\\\/hlautec.com\\\/#organization\"},\"potentialAction\":[{\"@type\":\"SearchAction\",\"target\":{\"@type\":\"EntryPoint\",\"urlTemplate\":\"https:\\\/\\\/hlautec.com\\\/?s={search_term_string}\"},\"query-input\":{\"@type\":\"PropertyValueSpecification\",\"valueRequired\":true,\"valueName\":\"search_term_string\"}}],\"inLanguage\":\"es\"},{\"@type\":\"Organization\",\"@id\":\"https:\\\/\\\/hlautec.com\\\/#organization\",\"name\":\"hlautec.com\",\"url\":\"https:\\\/\\\/hlautec.com\\\/\",\"logo\":{\"@type\":\"ImageObject\",\"inLanguage\":\"es\",\"@id\":\"https:\\\/\\\/hlautec.com\\\/#\\\/schema\\\/logo\\\/image\\\/\",\"url\":\"https:\\\/\\\/hlautec.com\\\/wp-content\\\/uploads\\\/2025\\\/06\\\/\u5fae\u4fe1\u56fe\u7247_20250604093745-scaled.jpg\",\"contentUrl\":\"https:\\\/\\\/hlautec.com\\\/wp-content\\\/uploads\\\/2025\\\/06\\\/\u5fae\u4fe1\u56fe\u7247_20250604093745-scaled.jpg\",\"width\":2560,\"height\":1764,\"caption\":\"hlautec.com\"},\"image\":{\"@id\":\"https:\\\/\\\/hlautec.com\\\/#\\\/schema\\\/logo\\\/image\\\/\"}}]}<\/script>\n<!-- \/ Yoast SEO plugin. -->","yoast_head_json":{"title":"Parker TJ0065UW080AAAB - hlautec.com","robots":{"index":"index","follow":"follow","max-snippet":"max-snippet:-1","max-image-preview":"max-image-preview:large","max-video-preview":"max-video-preview:-1"},"canonical":"https:\/\/hlautec.com\/es\/producto\/parker-tj0065uw080aaab\/","og_locale":"es_ES","og_type":"article","og_title":"Parker TJ0065UW080AAAB - hlautec.com","og_description":"Specifications The TJ Series marries the TE Series drive train with a larger, heavier duty roller bearing and shaft. This compact, economical wheel motor has intermittent pressures to 190 bar and torques to 648 Nm. The shaft is 31.75 mm nominal. Brand Torqmotor Displacement Motor: 36 &#8211; 390 cm3\/rev Maximum Flow Rate 40 to 75 [&hellip;]","og_url":"https:\/\/hlautec.com\/es\/producto\/parker-tj0065uw080aaab\/","og_site_name":"hlautec.com","article_modified_time":"2025-07-03T02:59:08+00:00","og_image":[{"width":800,"height":800,"url":"https:\/\/hlautec.com\/wp-content\/uploads\/2025\/06\/1-4.png","type":"image\/png"}],"twitter_card":"summary_large_image","twitter_misc":{"Tiempo de lectura":"1 minuto"},"schema":{"@context":"https:\/\/schema.org","@graph":[{"@type":"WebPage","@id":"https:\/\/hlautec.com\/product\/parker-tj0065uw080aaab\/","url":"https:\/\/hlautec.com\/product\/parker-tj0065uw080aaab\/","name":"Parker TJ0065UW080AAAB - hlautec.com","isPartOf":{"@id":"https:\/\/hlautec.com\/#website"},"primaryImageOfPage":{"@id":"https:\/\/hlautec.com\/product\/parker-tj0065uw080aaab\/#primaryimage"},"image":{"@id":"https:\/\/hlautec.com\/product\/parker-tj0065uw080aaab\/#primaryimage"},"thumbnailUrl":"https:\/\/hlautec.com\/wp-content\/uploads\/2025\/06\/1-4.png","datePublished":"2025-06-25T10:33:37+00:00","dateModified":"2025-07-03T02:59:08+00:00","breadcrumb":{"@id":"https:\/\/hlautec.com\/product\/parker-tj0065uw080aaab\/#breadcrumb"},"inLanguage":"es","potentialAction":[{"@type":"ReadAction","target":["https:\/\/hlautec.com\/product\/parker-tj0065uw080aaab\/"]}]},{"@type":"ImageObject","inLanguage":"es","@id":"https:\/\/hlautec.com\/product\/parker-tj0065uw080aaab\/#primaryimage","url":"https:\/\/hlautec.com\/wp-content\/uploads\/2025\/06\/1-4.png","contentUrl":"https:\/\/hlautec.com\/wp-content\/uploads\/2025\/06\/1-4.png","width":800,"height":800},{"@type":"BreadcrumbList","@id":"https:\/\/hlautec.com\/product\/parker-tj0065uw080aaab\/#breadcrumb","itemListElement":[{"@type":"ListItem","position":1,"name":"Home","item":"https:\/\/hlautec.com\/"},{"@type":"ListItem","position":2,"name":"Shop","item":"https:\/\/hlautec.com\/shop\/"},{"@type":"ListItem","position":3,"name":"Parker TJ0065UW080AAAB"}]},{"@type":"WebSite","@id":"https:\/\/hlautec.com\/#website","url":"https:\/\/hlautec.com\/","name":"hlautec.com","description":"","publisher":{"@id":"https:\/\/hlautec.com\/#organization"},"potentialAction":[{"@type":"SearchAction","target":{"@type":"EntryPoint","urlTemplate":"https:\/\/hlautec.com\/?s={search_term_string}"},"query-input":{"@type":"PropertyValueSpecification","valueRequired":true,"valueName":"search_term_string"}}],"inLanguage":"es"},{"@type":"Organization","@id":"https:\/\/hlautec.com\/#organization","name":"hlautec.com","url":"https:\/\/hlautec.com\/","logo":{"@type":"ImageObject","inLanguage":"es","@id":"https:\/\/hlautec.com\/#\/schema\/logo\/image\/","url":"https:\/\/hlautec.com\/wp-content\/uploads\/2025\/06\/\u5fae\u4fe1\u56fe\u7247_20250604093745-scaled.jpg","contentUrl":"https:\/\/hlautec.com\/wp-content\/uploads\/2025\/06\/\u5fae\u4fe1\u56fe\u7247_20250604093745-scaled.jpg","width":2560,"height":1764,"caption":"hlautec.com"},"image":{"@id":"https:\/\/hlautec.com\/#\/schema\/logo\/image\/"}}]}},"jetpack_sharing_enabled":true,"_links":{"self":[{"href":"https:\/\/hlautec.com\/es\/wp-json\/wp\/v2\/product\/1277","targetHints":{"allow":["GET"]}}],"collection":[{"href":"https:\/\/hlautec.com\/es\/wp-json\/wp\/v2\/product"}],"about":[{"href":"https:\/\/hlautec.com\/es\/wp-json\/wp\/v2\/types\/product"}],"replies":[{"embeddable":true,"href":"https:\/\/hlautec.com\/es\/wp-json\/wp\/v2\/comments?post=1277"}],"wp:featuredmedia":[{"embeddable":true,"href":"https:\/\/hlautec.com\/es\/wp-json\/wp\/v2\/media\/1278"}],"wp:attachment":[{"href":"https:\/\/hlautec.com\/es\/wp-json\/wp\/v2\/media?parent=1277"}],"wp:term":[{"taxonomy":"brand_category","embeddable":true,"href":"https:\/\/hlautec.com\/es\/wp-json\/wp\/v2\/brand_category?post=1277"},{"taxonomy":"product_brand","embeddable":true,"href":"https:\/\/hlautec.com\/es\/wp-json\/wp\/v2\/product_brand?post=1277"},{"taxonomy":"product_cat","embeddable":true,"href":"https:\/\/hlautec.com\/es\/wp-json\/wp\/v2\/product_cat?post=1277"},{"taxonomy":"product_tag","embeddable":true,"href":"https:\/\/hlautec.com\/es\/wp-json\/wp\/v2\/product_tag?post=1277"}],"curies":[{"name":"wp","href":"https:\/\/api.w.org\/{rel}","templated":true}]}}