{"id":1138,"date":"2025-06-23T14:43:15","date_gmt":"2025-06-23T14:43:15","guid":{"rendered":"https:\/\/hlautec.com\/?post_type=product&#038;p=1138"},"modified":"2025-07-03T03:03:21","modified_gmt":"2025-07-03T03:03:21","slug":"rexroth-r900594954-3we10a3x-cw110n9k4","status":"publish","type":"product","link":"https:\/\/hlautec.com\/es\/producto\/rexroth-r900594954-3we10a3x-cw110n9k4\/","title":{"rendered":"Rexroth R900594954 3WE10A3X\/CW110N9K4"},"content":{"rendered":"<p class=\"c-font-bold c-margin-b-5\">Especificaciones<\/p>\n<div id=\"product-tab-specification\" class=\"no-padding\">\n<div class=\"row\">\n<div class=\"col-md-6\">\n<table class=\"table table-striped table-condensed\">\n<tbody>\n<tr>\n<th>Talla<\/th>\n<td data-title=\"Size\">10<\/td>\n<\/tr>\n<tr>\n<th>Tipo de accionamiento<\/th>\n<td data-title=\"Actuation Type\">con accionamiento por solenoide<\/td>\n<\/tr>\n<tr>\n<th>caudal m\u00e1x.<\/th>\n<td data-title=\"max. flow\">65<\/td>\n<\/tr>\n<\/tbody>\n<\/table>\n<\/div>\n<div class=\"col-md-6\">\n<table class=\"table table-striped table-condensed\">\n<tbody>\n<tr>\n<th>tensi\u00f3n de alimentaci\u00f3n<\/th>\n<td data-title=\"supply voltage\">110...120 VAC 50\/60 Hz<\/td>\n<\/tr>\n<tr>\n<th>Peso<\/th>\n<td data-title=\"Weight\">3,66Kg<\/td>\n<\/tr>\n<\/tbody>\n<\/table>\n<div class=\"col-md-6\">\n<table class=\"table table-striped table-condensed\">\n<tbody>\n<tr>\n<td>Sellos<\/td>\n<td><\/td>\n<td>NBR<\/td>\n<td><\/td>\n<\/tr>\n<tr>\n<td>Descripci\u00f3n de conformidad<\/td>\n<td><\/td>\n<td>CE \u2013 Low-Voltage Directive 2014\/35\/EU<br \/>\nCSA approval according to CSA C22.2 No. 139-1982<\/td>\n<td><\/td>\n<\/tr>\n<tr>\n<td>Conector el\u00e9ctrico<\/td>\n<td><\/td>\n<td>Conector, 3 polos (2 + PE)<\/td>\n<td><\/td>\n<\/tr>\n<tr>\n<td>Tipo de accionamiento<\/td>\n<td><\/td>\n<td>con accionamiento por solenoide<\/td>\n<td><\/td>\n<\/tr>\n<tr>\n<td>Tipo de conexi\u00f3n<\/td>\n<td><\/td>\n<td>Montaje de la subplaca<\/td>\n<td><\/td>\n<\/tr>\n<tr>\n<td>Presi\u00f3n de funcionamiento, m\u00e1x.<\/td>\n<td><\/td>\n<td>315 bar<\/td>\n<td><\/td>\n<\/tr>\n<tr>\n<td>Esquema de conexi\u00f3n<\/td>\n<td><\/td>\n<td>ISO 4401-05-04-0-05<\/td>\n<td><\/td>\n<\/tr>\n<\/tbody>\n<\/table>\n<\/div>\n<div class=\"col-md-6\">\n<table class=\"table table-striped table-condensed\">\n<tbody>\n<tr>\n<td>L\u00edquido hidr\u00e1ulico<\/td>\n<td><\/td>\n<td>HL,HLP,HLPD,HVLP,HVLPD,HFC<\/td>\n<td><\/td>\n<\/tr>\n<tr>\n<td>Descripci\u00f3n de la conexi\u00f3n el\u00e9ctrica<\/td>\n<td><\/td>\n<td>Conector tripolar (2 + PE) seg\u00fan EN 175301-803<\/td>\n<td><\/td>\n<\/tr>\n<tr>\n<td>N\u00famero de puertos<\/td>\n<td><\/td>\n<td>3<\/td>\n<td><\/td>\n<\/tr>\n<tr>\n<td>Talla<\/td>\n<td><\/td>\n<td>10<\/td>\n<td><\/td>\n<\/tr>\n<tr>\n<td>S\u00edmbolo de bobina<\/td>\n<td><\/td>\n<td>S\u00edmbolo A<\/td>\n<td><\/td>\n<\/tr>\n<tr>\n<td>familia de productos<\/td>\n<td><\/td>\n<td>WE 10&#8230;C<\/td>\n<\/tr>\n<\/tbody>\n<\/table>\n<\/div>\n<\/div>\n<\/div>\n<\/div>","protected":false},"excerpt":{"rendered":"<p>Specifications Size 10 Actuation Type with solenoid actuation max. flow 65 supply voltage 110\u2026120 VAC 50\/60 Hz Weight 3.66Kg Seals NBR Conformity description CE \u2013 Low-Voltage Directive 2014\/35\/EU CSA approval according to CSA C22.2 No. 139-1982 Electrical connector Connector, 3-pole (2 + PE) Type of actuation with solenoid actuation Type of connection Subplate mounting Operating [&hellip;]<\/p>","protected":false},"featured_media":1082,"comment_status":"open","ping_status":"closed","template":"","meta":{"_acf_changed":false},"brand_category":[130,156],"product_brand":[70,85],"product_cat":[24],"product_tag":[],"class_list":{"0":"post-1138","1":"product","2":"type-product","3":"status-publish","4":"has-post-thumbnail","6":"brand_category-hydraulic-brand","7":"brand_category-rexroth","8":"product_brand-hydraulic-brand","9":"product_brand-rexroth","10":"product_cat-hydraulic-components","12":"first","13":"instock","14":"shipping-taxable","15":"product-type-simple"},"acf":[],"yoast_head":"<!-- This site is optimized with the Yoast SEO plugin v27.4 - https:\/\/yoast.com\/product\/yoast-seo-wordpress\/ -->\n<title>Rexroth R900594954 3WE10A3X\/CW110N9K4 - hlautec.com<\/title>\n<meta name=\"robots\" content=\"index, follow, max-snippet:-1, max-image-preview:large, max-video-preview:-1\" \/>\n<link rel=\"canonical\" href=\"https:\/\/hlautec.com\/es\/producto\/rexroth-r900594954-3we10a3x-cw110n9k4\/\" \/>\n<meta property=\"og:locale\" content=\"es_ES\" \/>\n<meta property=\"og:type\" content=\"article\" \/>\n<meta property=\"og:title\" content=\"Rexroth R900594954 3WE10A3X\/CW110N9K4 - hlautec.com\" \/>\n<meta property=\"og:description\" content=\"Specifications Size 10 Actuation Type with solenoid actuation max. flow 65 supply voltage 110\u2026120 VAC 50\/60 Hz Weight 3.66Kg Seals NBR Conformity description CE \u2013 Low-Voltage Directive 2014\/35\/EU CSA approval according to CSA C22.2 No. 139-1982 Electrical connector Connector, 3-pole (2 + PE) Type of actuation with solenoid actuation Type of connection Subplate mounting Operating [&hellip;]\" \/>\n<meta property=\"og:url\" content=\"https:\/\/hlautec.com\/es\/producto\/rexroth-r900594954-3we10a3x-cw110n9k4\/\" \/>\n<meta property=\"og:site_name\" content=\"hlautec.com\" \/>\n<meta property=\"article:modified_time\" content=\"2025-07-03T03:03:21+00:00\" \/>\n<meta property=\"og:image\" content=\"https:\/\/hlautec.com\/wp-content\/uploads\/2025\/06\/6a0f5adb-bf13-41e8-b5c7-a65fd0fb03cc-1.png\" \/>\n\t<meta property=\"og:image:width\" content=\"800\" \/>\n\t<meta property=\"og:image:height\" content=\"800\" \/>\n\t<meta property=\"og:image:type\" content=\"image\/png\" \/>\n<meta name=\"twitter:card\" content=\"summary_large_image\" \/>\n<script type=\"application\/ld+json\" class=\"yoast-schema-graph\">{\"@context\":\"https:\\\/\\\/schema.org\",\"@graph\":[{\"@type\":\"WebPage\",\"@id\":\"https:\\\/\\\/hlautec.com\\\/product\\\/rexroth-r900594954-3we10a3x-cw110n9k4\\\/\",\"url\":\"https:\\\/\\\/hlautec.com\\\/product\\\/rexroth-r900594954-3we10a3x-cw110n9k4\\\/\",\"name\":\"Rexroth R900594954 3WE10A3X\\\/CW110N9K4 - hlautec.com\",\"isPartOf\":{\"@id\":\"https:\\\/\\\/hlautec.com\\\/#website\"},\"primaryImageOfPage\":{\"@id\":\"https:\\\/\\\/hlautec.com\\\/product\\\/rexroth-r900594954-3we10a3x-cw110n9k4\\\/#primaryimage\"},\"image\":{\"@id\":\"https:\\\/\\\/hlautec.com\\\/product\\\/rexroth-r900594954-3we10a3x-cw110n9k4\\\/#primaryimage\"},\"thumbnailUrl\":\"https:\\\/\\\/hlautec.com\\\/wp-content\\\/uploads\\\/2025\\\/06\\\/6a0f5adb-bf13-41e8-b5c7-a65fd0fb03cc-1.png\",\"datePublished\":\"2025-06-23T14:43:15+00:00\",\"dateModified\":\"2025-07-03T03:03:21+00:00\",\"breadcrumb\":{\"@id\":\"https:\\\/\\\/hlautec.com\\\/product\\\/rexroth-r900594954-3we10a3x-cw110n9k4\\\/#breadcrumb\"},\"inLanguage\":\"es\",\"potentialAction\":[{\"@type\":\"ReadAction\",\"target\":[\"https:\\\/\\\/hlautec.com\\\/product\\\/rexroth-r900594954-3we10a3x-cw110n9k4\\\/\"]}]},{\"@type\":\"ImageObject\",\"inLanguage\":\"es\",\"@id\":\"https:\\\/\\\/hlautec.com\\\/product\\\/rexroth-r900594954-3we10a3x-cw110n9k4\\\/#primaryimage\",\"url\":\"https:\\\/\\\/hlautec.com\\\/wp-content\\\/uploads\\\/2025\\\/06\\\/6a0f5adb-bf13-41e8-b5c7-a65fd0fb03cc-1.png\",\"contentUrl\":\"https:\\\/\\\/hlautec.com\\\/wp-content\\\/uploads\\\/2025\\\/06\\\/6a0f5adb-bf13-41e8-b5c7-a65fd0fb03cc-1.png\",\"width\":800,\"height\":800},{\"@type\":\"BreadcrumbList\",\"@id\":\"https:\\\/\\\/hlautec.com\\\/product\\\/rexroth-r900594954-3we10a3x-cw110n9k4\\\/#breadcrumb\",\"itemListElement\":[{\"@type\":\"ListItem\",\"position\":1,\"name\":\"Home\",\"item\":\"https:\\\/\\\/hlautec.com\\\/\"},{\"@type\":\"ListItem\",\"position\":2,\"name\":\"Shop\",\"item\":\"https:\\\/\\\/hlautec.com\\\/shop\\\/\"},{\"@type\":\"ListItem\",\"position\":3,\"name\":\"Rexroth R900594954 3WE10A3X\\\/CW110N9K4\"}]},{\"@type\":\"WebSite\",\"@id\":\"https:\\\/\\\/hlautec.com\\\/#website\",\"url\":\"https:\\\/\\\/hlautec.com\\\/\",\"name\":\"hlautec.com\",\"description\":\"\",\"publisher\":{\"@id\":\"https:\\\/\\\/hlautec.com\\\/#organization\"},\"potentialAction\":[{\"@type\":\"SearchAction\",\"target\":{\"@type\":\"EntryPoint\",\"urlTemplate\":\"https:\\\/\\\/hlautec.com\\\/?s={search_term_string}\"},\"query-input\":{\"@type\":\"PropertyValueSpecification\",\"valueRequired\":true,\"valueName\":\"search_term_string\"}}],\"inLanguage\":\"es\"},{\"@type\":\"Organization\",\"@id\":\"https:\\\/\\\/hlautec.com\\\/#organization\",\"name\":\"hlautec.com\",\"url\":\"https:\\\/\\\/hlautec.com\\\/\",\"logo\":{\"@type\":\"ImageObject\",\"inLanguage\":\"es\",\"@id\":\"https:\\\/\\\/hlautec.com\\\/#\\\/schema\\\/logo\\\/image\\\/\",\"url\":\"https:\\\/\\\/hlautec.com\\\/wp-content\\\/uploads\\\/2025\\\/06\\\/\u5fae\u4fe1\u56fe\u7247_20250604093745-scaled.jpg\",\"contentUrl\":\"https:\\\/\\\/hlautec.com\\\/wp-content\\\/uploads\\\/2025\\\/06\\\/\u5fae\u4fe1\u56fe\u7247_20250604093745-scaled.jpg\",\"width\":2560,\"height\":1764,\"caption\":\"hlautec.com\"},\"image\":{\"@id\":\"https:\\\/\\\/hlautec.com\\\/#\\\/schema\\\/logo\\\/image\\\/\"}}]}<\/script>\n<!-- \/ Yoast SEO plugin. -->","yoast_head_json":{"title":"Rexroth R900594954 3WE10A3X\/CW110N9K4 - hlautec.com","robots":{"index":"index","follow":"follow","max-snippet":"max-snippet:-1","max-image-preview":"max-image-preview:large","max-video-preview":"max-video-preview:-1"},"canonical":"https:\/\/hlautec.com\/es\/producto\/rexroth-r900594954-3we10a3x-cw110n9k4\/","og_locale":"es_ES","og_type":"article","og_title":"Rexroth R900594954 3WE10A3X\/CW110N9K4 - hlautec.com","og_description":"Specifications Size 10 Actuation Type with solenoid actuation max. flow 65 supply voltage 110\u2026120 VAC 50\/60 Hz Weight 3.66Kg Seals NBR Conformity description CE \u2013 Low-Voltage Directive 2014\/35\/EU CSA approval according to CSA C22.2 No. 139-1982 Electrical connector Connector, 3-pole (2 + PE) Type of actuation with solenoid actuation Type of connection Subplate mounting Operating [&hellip;]","og_url":"https:\/\/hlautec.com\/es\/producto\/rexroth-r900594954-3we10a3x-cw110n9k4\/","og_site_name":"hlautec.com","article_modified_time":"2025-07-03T03:03:21+00:00","og_image":[{"width":800,"height":800,"url":"https:\/\/hlautec.com\/wp-content\/uploads\/2025\/06\/6a0f5adb-bf13-41e8-b5c7-a65fd0fb03cc-1.png","type":"image\/png"}],"twitter_card":"summary_large_image","schema":{"@context":"https:\/\/schema.org","@graph":[{"@type":"WebPage","@id":"https:\/\/hlautec.com\/product\/rexroth-r900594954-3we10a3x-cw110n9k4\/","url":"https:\/\/hlautec.com\/product\/rexroth-r900594954-3we10a3x-cw110n9k4\/","name":"Rexroth R900594954 3WE10A3X\/CW110N9K4 - hlautec.com","isPartOf":{"@id":"https:\/\/hlautec.com\/#website"},"primaryImageOfPage":{"@id":"https:\/\/hlautec.com\/product\/rexroth-r900594954-3we10a3x-cw110n9k4\/#primaryimage"},"image":{"@id":"https:\/\/hlautec.com\/product\/rexroth-r900594954-3we10a3x-cw110n9k4\/#primaryimage"},"thumbnailUrl":"https:\/\/hlautec.com\/wp-content\/uploads\/2025\/06\/6a0f5adb-bf13-41e8-b5c7-a65fd0fb03cc-1.png","datePublished":"2025-06-23T14:43:15+00:00","dateModified":"2025-07-03T03:03:21+00:00","breadcrumb":{"@id":"https:\/\/hlautec.com\/product\/rexroth-r900594954-3we10a3x-cw110n9k4\/#breadcrumb"},"inLanguage":"es","potentialAction":[{"@type":"ReadAction","target":["https:\/\/hlautec.com\/product\/rexroth-r900594954-3we10a3x-cw110n9k4\/"]}]},{"@type":"ImageObject","inLanguage":"es","@id":"https:\/\/hlautec.com\/product\/rexroth-r900594954-3we10a3x-cw110n9k4\/#primaryimage","url":"https:\/\/hlautec.com\/wp-content\/uploads\/2025\/06\/6a0f5adb-bf13-41e8-b5c7-a65fd0fb03cc-1.png","contentUrl":"https:\/\/hlautec.com\/wp-content\/uploads\/2025\/06\/6a0f5adb-bf13-41e8-b5c7-a65fd0fb03cc-1.png","width":800,"height":800},{"@type":"BreadcrumbList","@id":"https:\/\/hlautec.com\/product\/rexroth-r900594954-3we10a3x-cw110n9k4\/#breadcrumb","itemListElement":[{"@type":"ListItem","position":1,"name":"Home","item":"https:\/\/hlautec.com\/"},{"@type":"ListItem","position":2,"name":"Shop","item":"https:\/\/hlautec.com\/shop\/"},{"@type":"ListItem","position":3,"name":"Rexroth R900594954 3WE10A3X\/CW110N9K4"}]},{"@type":"WebSite","@id":"https:\/\/hlautec.com\/#website","url":"https:\/\/hlautec.com\/","name":"hlautec.com","description":"","publisher":{"@id":"https:\/\/hlautec.com\/#organization"},"potentialAction":[{"@type":"SearchAction","target":{"@type":"EntryPoint","urlTemplate":"https:\/\/hlautec.com\/?s={search_term_string}"},"query-input":{"@type":"PropertyValueSpecification","valueRequired":true,"valueName":"search_term_string"}}],"inLanguage":"es"},{"@type":"Organization","@id":"https:\/\/hlautec.com\/#organization","name":"hlautec.com","url":"https:\/\/hlautec.com\/","logo":{"@type":"ImageObject","inLanguage":"es","@id":"https:\/\/hlautec.com\/#\/schema\/logo\/image\/","url":"https:\/\/hlautec.com\/wp-content\/uploads\/2025\/06\/\u5fae\u4fe1\u56fe\u7247_20250604093745-scaled.jpg","contentUrl":"https:\/\/hlautec.com\/wp-content\/uploads\/2025\/06\/\u5fae\u4fe1\u56fe\u7247_20250604093745-scaled.jpg","width":2560,"height":1764,"caption":"hlautec.com"},"image":{"@id":"https:\/\/hlautec.com\/#\/schema\/logo\/image\/"}}]}},"jetpack_sharing_enabled":true,"_links":{"self":[{"href":"https:\/\/hlautec.com\/es\/wp-json\/wp\/v2\/product\/1138","targetHints":{"allow":["GET"]}}],"collection":[{"href":"https:\/\/hlautec.com\/es\/wp-json\/wp\/v2\/product"}],"about":[{"href":"https:\/\/hlautec.com\/es\/wp-json\/wp\/v2\/types\/product"}],"replies":[{"embeddable":true,"href":"https:\/\/hlautec.com\/es\/wp-json\/wp\/v2\/comments?post=1138"}],"wp:featuredmedia":[{"embeddable":true,"href":"https:\/\/hlautec.com\/es\/wp-json\/wp\/v2\/media\/1082"}],"wp:attachment":[{"href":"https:\/\/hlautec.com\/es\/wp-json\/wp\/v2\/media?parent=1138"}],"wp:term":[{"taxonomy":"brand_category","embeddable":true,"href":"https:\/\/hlautec.com\/es\/wp-json\/wp\/v2\/brand_category?post=1138"},{"taxonomy":"product_brand","embeddable":true,"href":"https:\/\/hlautec.com\/es\/wp-json\/wp\/v2\/product_brand?post=1138"},{"taxonomy":"product_cat","embeddable":true,"href":"https:\/\/hlautec.com\/es\/wp-json\/wp\/v2\/product_cat?post=1138"},{"taxonomy":"product_tag","embeddable":true,"href":"https:\/\/hlautec.com\/es\/wp-json\/wp\/v2\/product_tag?post=1138"}],"curies":[{"name":"wp","href":"https:\/\/api.w.org\/{rel}","templated":true}]}}